{"id":352,"date":"2025-10-28T14:13:41","date_gmt":"2025-10-28T14:13:41","guid":{"rendered":"https:\/\/nebulox.ro\/nebulox-air-rtu-paa\/"},"modified":"2025-12-02T08:27:25","modified_gmt":"2025-12-02T08:27:25","slug":"nebulox-air-rtu-paa","status":"publish","type":"page","link":"https:\/\/nebulox.ro\/ro\/nebulox-air-rtu-paa\/","title":{"rendered":"NebuloX Air RTU PAA"},"content":{"rendered":"\n<div class=\"wp-block-columns hero-pagina3 is-layout-flex wp-container-core-columns-is-layout-9d6595d7 wp-block-columns-is-layout-flex\">\n<div class=\"wp-block-column container is-layout-flow wp-block-column-is-layout-flow\">\n<p class=\"titlu-pagina\">NebuloX Air RTU PAA <\/p>\n\n\n\n<p class=\" titlu-2\">Solu\u021bie de dezinfectare<\/p>\n<\/div>\n<\/div>\n\n<div class=\"wp-block-columns container is-layout-flex wp-container-core-columns-is-layout-9d6595d7 wp-block-columns-is-layout-flex\">\n<div class=\"wp-block-column titlu-frogger is-layout-flow wp-block-column-is-layout-flow\">\n<h2 class=\"wp-block-heading\">Dezinfectant avansat, sigur \u0219i ecologic<\/h2>\n\n\n\n<p>Dezinfectantul NebuloX este rezultatul unor cercet\u0103ri \u0219i test\u0103ri extinse, combin\u00e2nd inova\u021bia cu eficacitatea dovedit\u0103. Aceast\u0103 formulare biodegradabil\u0103 de \u00eenalt\u0103 performan\u021b\u0103 realizeaz\u0103 o eliminare excep\u021bional\u0103 a microbilor, r\u0103m\u00e2n\u00e2nd complet sigur\u0103 pentru utilizatori \u0219i mediu. Proiectat pentru compatibilitate maxim\u0103 cu materialele, a fost testat riguros pe o gam\u0103 larg\u0103 de suprafe\u021be \u0219i echipamente spitalice\u0219ti pentru a asigura siguran\u021ba \u0219i fiabilitatea pe termen lung.  <\/p>\n\n\n\n<p>Dezinfectantulnostru Nebul oX Air RTU PAA, gata de utilizare asigura dezinfec\u021bie aerian\u0103 de nivel \u00eenalt \u00een cl\u0103diri publice, inclusiv unit\u0103\u021bi medicale, clinici veterinare, ferme, unit\u0103\u021bi din industria alimentar\u0103 \u0219i agricultur\u0103, acoperind zonele de utilizare TP2, TP3 \u0219i TP4.<\/p>\n\n\n\n<p class=\"paragraf-articol\">Testele de compatibilitate efectuate la Eurofins EAG Materials Science din Olanda demonstreaz\u0103 c\u0103 formula este sigur\u0103 pentru majoritatea materialelor \u00eent\u00e2lnite \u00een mod obi\u0219nuit \u00een aceste medii, inclusiv metale, materiale plastice \u0219i componente electronice.<\/p>\n\n\n\n<div class=\"wp-block-columns is-layout-flex wp-container-core-columns-is-layout-9d6595d7 wp-block-columns-is-layout-flex\">\n<div class=\"wp-block-column is-layout-flow wp-block-column-is-layout-flow\">\n<h2 class=\"wp-block-heading\">Categorie<\/h2>\n\n\n\n<p><br\/>\u2022 Dezinfectan\u021bi chimici \u0219i antiseptice.<\/p>\n\n\n\n<h2 class=\"wp-block-heading\"><br\/>Grupa<\/h2>\n\n\n\n<p><br\/>\u2022 1 &#8211; Dezinfectan\u021bi<br\/>Tip de produs<br\/>\u2022 TP2, TP3, TP4.<\/p>\n\n\n\n<h2 class=\"wp-block-heading\"><br\/>Utilizare<\/h2>\n\n\n\n<p><br\/>\u2022 Dezinfec\u021bie aerian\u0103 a \u00eenc\u0103perilor.<br\/>\u2022 A se utiliza doar cu aparatul de nebulizare NebuloX V3.0.<\/p>\n\n\n\n<h2 class=\"wp-block-heading\"><br\/>Substan\u021b\u0103 activ\u0103<\/h2>\n\n\n\n<p><br\/>\u2022 Peroxid de hidrogen (CAS 7722-84-1; EC 231-765-0).<br\/>\u2022 Acid peracetic (CAS 79-21-0; EC 201-186-8).<br\/>\u2022 Clorura de didecildimetilamoniu (DDAC (C8-10)) (68424-95-3).<\/p>\n<\/div>\n\n\n\n<div class=\"wp-block-column is-layout-flow wp-block-column-is-layout-flow\">\n<h2 class=\"wp-block-heading\">Procesul de nebulizare<\/h2>\n\n\n\n<p><br\/>\u2022 Se va efectua doar cu echipamentul NebuloX V3.0, in sesiuni de cel mult 500 metri cubi\/ procedura conform Avizului pentru plasarea pe piata, Fisa de securitate si Fisa de siguranta. <\/p>\n\n\n\n<h2 class=\"wp-block-heading\"><br\/>Condi\u021bionare<\/h2>\n\n\n\n<p><br\/>\u2022 Gata de utilizare.<\/p>\n\n\n\n<h2 class=\"wp-block-heading\"><br\/>Ambalaje<\/h2>\n\n\n\n<p><br\/>\u2022 Flacon HDPE de 1 Litru cu certificare ADR <br\/>Ambalaj din carton ce con\u021bine 6 sticle de 1 litru<\/p>\n\n\n\n<h2 class=\"wp-block-heading\"><br\/>Depozitare<\/h2>\n\n\n\n<p><br\/>\u2022 5 &#8211; 25\u00b0C, \u00een \u00eenc\u0103pere ventilat\u0103, evit\u00e2nd expunerea la soare.<br\/>Expirare (\u00een condi\u021biile de depozitare specificate mai sus):<br\/>\u2022 12 luni de la data fabrica\u021biei (sigilat); 30 zile de la deschidere.<\/p>\n<\/div>\n<\/div>\n<\/div>\n<\/div>\n\n<div class=\"wp-block-columns container titlu-frogger is-layout-flex wp-container-core-columns-is-layout-9d6595d7 wp-block-columns-is-layout-flex\">\n<div class=\"wp-block-column is-layout-flow wp-block-column-is-layout-flow\">\n<h2 class=\"wp-block-heading\">Teste de eficien\u021b\u0103 \u00eempotriva agen\u021bilor patogeni<\/h2>\n\n\n\n<div class=\"table\">\n\n  <!-- Header -->\n  <div class=\"table-header\">\n    <div class=\"cell\">Test<\/div>\n    <div class=\"cell\">Organism<\/div>\n    <div class=\"cell\">Concentra\u021bie<\/div>\n    <div class=\"cell\">Timp de contact<\/div>\n    <div class=\"cell\">Rezultat<\/div>\n    <div class=\"cell\">Standard<\/div>\n  <\/div>\n\n  <!-- Section 1 -->\n  <div class=\"section-title\">Teste de nebulizare TP2+TP4 (Medical, Profesional, Alimentar)<\/div>\n\n  <!-- BACTERICIDE -->\n  <div class=\"group\">\n    <div class=\"group-label\">BACTERICID<\/div>\n    <div class=\"group-rows\">\n      <div class=\"table-row\"><div class=\"cell\">S. aureus ATCC 6538<\/div><div class=\"cell\">0,5 ml\/mc<\/div><div class=\"cell\">120 min<\/div><div class=\"cell\">LOG 5,68*<\/div><div class=\"cell\">17272<\/div><\/div>\n      <div class=\"table-row\"><div class=\"cell\">E. hirae ATCC 10541<\/div><div class=\"cell\">0,5 ml\/mc<\/div><div class=\"cell\">120 min<\/div><div class=\"cell\">LOG 5,72*<\/div><div class=\"cell\">17272<\/div><\/div>\n      <div class=\"table-row\"><div class=\"cell\">E. coli ATCC 10536<\/div><div class=\"cell\">0,5 ml\/mc<\/div><div class=\"cell\">120 min<\/div><div class=\"cell\">LOG 5,44*<\/div><div class=\"cell\">17272<\/div><\/div>\n      <div class=\"table-row\"><div class=\"cell\">A. baumannii ATCC 19606<\/div><div class=\"cell\">0,5 ml\/mc<\/div><div class=\"cell\">120 min<\/div><div class=\"cell\">LOG 5,77*<\/div><div class=\"cell\">17272<\/div><\/div>\n    <\/div>\n  <\/div>\n\n  <!-- DISTRIBUTION -->\n  <div class=\"group\">\n    <div class=\"group-label\">DISTRIBU\u021aIE<\/div>\n    <div class=\"group-rows\">\n      <div class=\"table-row\"><div class=\"cell\">S. aureus ATCC 6538<\/div><div class=\"cell\">0,5 ml\/mc<\/div><div class=\"cell\">120 min<\/div><div class=\"cell\">LOG 6,20*<\/div><div class=\"cell\">17272<\/div><\/div>\n      <div class=\"table-row\"><div class=\"cell\"><\/div><div class=\"cell\"><\/div><div class=\"cell\"><\/div><div class=\"cell\">LOG 6,17*<\/div><div class=\"cell\">17272<\/div><\/div>\n      <div class=\"table-row\"><div class=\"cell\"><\/div><div class=\"cell\"><\/div><div class=\"cell\"><\/div><div class=\"cell\">LOG 7,10*<\/div><div class=\"cell\">17272<\/div><\/div>\n      <div class=\"table-row\"><div class=\"cell\"><\/div><div class=\"cell\"><\/div><div class=\"cell\"><\/div><div class=\"cell\">LOG 7,40*<\/div><div class=\"cell\">17272<\/div><\/div>\n    <\/div>\n  <\/div>\n\n  <!-- SPORICIDE -->\n  <div class=\"group\">\n    <div class=\"group-label\">SPORICID<\/div>\n    <div class=\"group-rows\">\n      <div class=\"table-row\"><div class=\"cell\">B. spizizienii (fost subtilis) ATCC 6633<\/div><div class=\"cell\">0,5 ml\/mc<\/div><div class=\"cell\">120 min<\/div><div class=\"cell\">LOG 6,29*<\/div><div class=\"cell\">17272<\/div><\/div>\n    <\/div>\n  <\/div>\n\n  <!-- VIRUCIDE -->\n  <div class=\"group\">\n    <div class=\"group-label\">VIRUCID<\/div>\n    <div class=\"group-rows\">\n      <div class=\"table-row\"><div class=\"cell\">Adenovirus<\/div><div class=\"cell\">0,5 ml\/mc<\/div><div class=\"cell\">120 min<\/div><div class=\"cell\">LOG 4,08<\/div><div class=\"cell\">17272<\/div><\/div>\n      <div class=\"table-row\"><div class=\"cell\">Norovirus<\/div><div class=\"cell\">0,5 ml\/mc<\/div><div class=\"cell\">120 min<\/div><div class=\"cell\">LOG 4,16<\/div><div class=\"cell\">17272<\/div><\/div>\n    <\/div>\n  <\/div>\n\n  <!-- YEASTICIDAL -->\n  <div class=\"group\">\n    <div class=\"group-label\">YEASTICIDAL<\/div>\n    <div class=\"group-rows\">\n      <div class=\"table-row\"><div class=\"cell\">Candida Albicans<\/div><div class=\"cell\">0,5 ml\/mc<\/div><div class=\"cell\">120 min<\/div><div class=\"cell\">LOG 4,84<\/div><div class=\"cell\">17272<\/div><\/div>\n      <div class=\"table-row\"><div class=\"cell\">Candida Auris<\/div><div class=\"cell\">0,5 ml\/mc<\/div><div class=\"cell\">120 min<\/div><div class=\"cell\">LOG 4,09<\/div><div class=\"cell\">17272<\/div><\/div>\n    <\/div>\n  <\/div>\n\n  <!-- BACTERICIDE 2 -->\n  <div class=\"group\">\n    <div class=\"group-label\">BACTERICID<\/div>\n    <div class=\"group-rows\">\n      <div class=\"table-row\"><div class=\"cell\">P. Aeruginosa<\/div><div class=\"cell\">0,5 ml\/mc<\/div><div class=\"cell\">120 min<\/div><div class=\"cell\">LOG 5,25*<\/div><div class=\"cell\">17272<\/div><\/div>\n    <\/div>\n  <\/div>\n\n  <!-- MYCOBACTERICIDE -->\n  <div class=\"group\">\n    <div class=\"group-label\">MYCOBACTERICID<\/div>\n    <div class=\"group-rows\">\n      <div class=\"table-row\"><div class=\"cell\">M. Terrae<\/div><div class=\"cell\">0,5 ml\/mc<\/div><div class=\"cell\">120 min<\/div><div class=\"cell\">LOG 5,21<\/div><div class=\"cell\">17272<\/div><\/div>\n      <div class=\"table-row\"><div class=\"cell\">M. Avium<\/div><div class=\"cell\">0,5 ml\/mc<\/div><div class=\"cell\">120 min<\/div><div class=\"cell\">LOG 4,72<\/div><div class=\"cell\">17272<\/div><\/div>\n    <\/div>\n  <\/div>\n\n  <!-- SUSPENSION TESTS -->\n  <div class=\"subsection\">Teste de suspensie<\/div>\n\n  <div class=\"group\">\n    <div class=\"group-label\">BACTERICID<\/div>\n    <div class=\"group-rows\">\n      <div class=\"table-row\"><div class=\"cell\">S. aureus ATCC 6538<\/div><div class=\"cell\">1%<\/div><div class=\"cell\">1 min<\/div><div class=\"cell\">LOG 5,44<\/div><div class=\"cell\">13727:2015<\/div><\/div>\n      <div class=\"table-row\"><div class=\"cell\">E. hirae ATCC 10541<\/div><div class=\"cell\">1%<\/div><div class=\"cell\">1 min<\/div><div class=\"cell\">LOG 5,25<\/div><div class=\"cell\">13727:2015<\/div><\/div>\n      <div class=\"table-row\"><div class=\"cell\">P. Aeruginosa ATCC 15442<\/div><div class=\"cell\">1%<\/div><div class=\"cell\">1 min<\/div><div class=\"cell\">LOG 5,23<\/div><div class=\"cell\">13727:2015<\/div><\/div>\n    <\/div>\n  <\/div>\n\n  <div class=\"group\">\n    <div class=\"group-label\">FUNGICID <br\/> YEASTICIDAL<\/div>\n    <div class=\"group-rows\">\n      <div class=\"table-row\"><div class=\"cell\">Candida Albicans<\/div><div class=\"cell\">1%<\/div><div class=\"cell\">1 min<\/div><div class=\"cell\">LOG 4,24<\/div><div class=\"cell\">13624:2021<\/div><\/div>\n      <div class=\"table-row\"><div class=\"cell\">Aspergillus brasiliensis<\/div><div class=\"cell\">1%<\/div><div class=\"cell\">1 min<\/div><div class=\"cell\">LOG 4,07<\/div><div class=\"cell\">13624:2021<\/div><\/div>\n    <\/div>\n  <\/div>\n\n  <div class=\"group\">\n    <div class=\"group-label\">SPORICID<\/div>\n    <div class=\"group-rows\">\n      <div class=\"table-row\"><div class=\"cell\">Bacillus subtilis ATCC 6633<\/div><div class=\"cell\">10%<\/div><div class=\"cell\">1 min<\/div><div class=\"cell\">LOG 5,34<\/div><div class=\"cell\">17126:2019<\/div><\/div>\n      <div class=\"table-row\"><div class=\"cell\">Bacillus cereus cip 105151<\/div><div class=\"cell\">50%<\/div><div class=\"cell\">1 min<\/div><div class=\"cell\">LOG 5,34<\/div><div class=\"cell\">17126:2019<\/div><\/div>\n    <\/div>\n  <\/div>\n\n  <!-- TP3 -->\n  <div class=\"section-title\">Teste de nebulizare TP3 (Veterinar)<\/div>\n\n  <div class=\"group\">\n    <div class=\"group-label\">BACTERICID<\/div>\n    <div class=\"group-rows\">\n      <div class=\"table-row\"><div class=\"cell\">S. aureus ATCC 6538<\/div><div class=\"cell\">0,5 ml\/mc<\/div><div class=\"cell\">120 min<\/div><div class=\"cell\">LOG 7,27*<\/div><div class=\"cell\">17272<\/div><\/div>\n      <div class=\"table-row\"><div class=\"cell\">E. hirae ATCC 10541<\/div><div class=\"cell\">0,5 ml\/mc<\/div><div class=\"cell\">120 min<\/div><div class=\"cell\">LOG 6,82*<\/div><div class=\"cell\">17272<\/div><\/div>\n      <div class=\"table-row\"><div class=\"cell\">P. Aeruginosa ATCC 15442<\/div><div class=\"cell\">0,5 ml\/mc<\/div><div class=\"cell\">120 min<\/div><div class=\"cell\">LOG 8,09*<\/div><div class=\"cell\">17272<\/div><\/div>\n    <\/div>\n  <\/div>\n\n  <div class=\"group\">\n    <div class=\"group-label\">FUNGICID <br\/> YEASTICIDAL<\/div>\n    <div class=\"group-rows\">\n      <div class=\"table-row\"><div class=\"cell\">Candida Albicans ATCC 10231<\/div><div class=\"cell\">0,5 ml\/mc<\/div><div class=\"cell\">120 min<\/div><div class=\"cell\">LOG 5,96*<\/div><div class=\"cell\">17272<\/div><\/div>\n      <div class=\"table-row\"><div class=\"cell\">Aspergillus brasiliensis ATCC 16404<\/div><div class=\"cell\">0,5 ml\/mc<\/div><div class=\"cell\">120 min<\/div><div class=\"cell\">LOG 5,37*<\/div><div class=\"cell\">17272<\/div><\/div>\n    <\/div>\n  <\/div>\n\n  <div class=\"group\">\n    <div class=\"group-label\">MYCOBACTERICID<\/div>\n    <div class=\"group-rows\">\n      <div class=\"table-row\"><div class=\"cell\">M. Avium<\/div><div class=\"cell\">0,5 ml\/mc<\/div><div class=\"cell\">120 min<\/div><div class=\"cell\">LOG 6,38*<\/div><div class=\"cell\">17272<\/div><\/div>\n    <\/div>\n  <\/div>\n\n  <div class=\"group\">\n    <div class=\"group-label\">VIRUCID<\/div>\n    <div class=\"group-rows\">\n      <div class=\"table-row\"><div class=\"cell\">Surogat pentru febra porcin\u0103 african\u0103<\/div><div class=\"cell\">0,5 ml\/mc<\/div><div class=\"cell\">120 min<\/div><div class=\"cell\">LOG 4,06*<\/div><div class=\"cell\">17272<\/div><\/div>\n    <\/div>\n  <\/div>\n<\/div><\/div>\n<\/div>\n","protected":false},"excerpt":{"rendered":"<p>NebuloX Air RTU PAA Solu\u021bie de dezinfectare Dezinfectant avansat, sigur \u0219i ecologic Dezinfectantul NebuloX este rezultatul unor cercet\u0103ri \u0219i test\u0103ri extinse, combin\u00e2nd inova\u021bia cu eficacitatea dovedit\u0103. Aceast\u0103 formulare biodegradabil\u0103 de \u00eenalt\u0103 performan\u021b\u0103 realizeaz\u0103 o eliminare excep\u021bional\u0103 a microbilor, r\u0103m\u00e2n\u00e2nd complet sigur\u0103 pentru utilizatori \u0219i mediu. Proiectat pentru compatibilitate maxim\u0103 cu materialele, a fost testat riguros [&hellip;]<\/p>\n","protected":false},"author":1,"featured_media":0,"parent":0,"menu_order":0,"comment_status":"closed","ping_status":"closed","template":"page-full.php","meta":{"footnotes":""},"class_list":["post-352","page","type-page","status-publish","hentry"],"_links":{"self":[{"href":"https:\/\/nebulox.ro\/ro\/wp-json\/wp\/v2\/pages\/352","targetHints":{"allow":["GET"]}}],"collection":[{"href":"https:\/\/nebulox.ro\/ro\/wp-json\/wp\/v2\/pages"}],"about":[{"href":"https:\/\/nebulox.ro\/ro\/wp-json\/wp\/v2\/types\/page"}],"author":[{"embeddable":true,"href":"https:\/\/nebulox.ro\/ro\/wp-json\/wp\/v2\/users\/1"}],"replies":[{"embeddable":true,"href":"https:\/\/nebulox.ro\/ro\/wp-json\/wp\/v2\/comments?post=352"}],"version-history":[{"count":1,"href":"https:\/\/nebulox.ro\/ro\/wp-json\/wp\/v2\/pages\/352\/revisions"}],"predecessor-version":[{"id":354,"href":"https:\/\/nebulox.ro\/ro\/wp-json\/wp\/v2\/pages\/352\/revisions\/354"}],"wp:attachment":[{"href":"https:\/\/nebulox.ro\/ro\/wp-json\/wp\/v2\/media?parent=352"}],"curies":[{"name":"wp","href":"https:\/\/api.w.org\/{rel}","templated":true}]}}