{"id":355,"date":"2025-10-28T14:13:41","date_gmt":"2025-10-28T14:13:41","guid":{"rendered":"https:\/\/nebulox.ro\/nebulox-air-rtu-paa\/"},"modified":"2025-12-02T08:33:53","modified_gmt":"2025-12-02T08:33:53","slug":"nebulox-air-rtu-paa","status":"publish","type":"page","link":"https:\/\/nebulox.ro\/pl\/nebulox-air-rtu-paa\/","title":{"rendered":"NebuloX Air RTU PAA"},"content":{"rendered":"\n<div class=\"wp-block-columns hero-pagina3 is-layout-flex wp-container-core-columns-is-layout-9d6595d7 wp-block-columns-is-layout-flex\">\n<div class=\"wp-block-column container is-layout-flow wp-block-column-is-layout-flow\">\n<p class=\"titlu-pagina\">NebuloX Air RTU PAA  <\/p>\n\n\n\n<p class=\" titlu-2\">Roztw\u00f3r dezynfekuj\u0105cy<\/p>\n<\/div>\n<\/div>\n\n<div class=\"wp-block-columns container is-layout-flex wp-container-core-columns-is-layout-9d6595d7 wp-block-columns-is-layout-flex\">\n<div class=\"wp-block-column titlu-frogger is-layout-flow wp-block-column-is-layout-flow\">\n<h2 class=\"wp-block-heading\">Zaawansowany, bezpieczny i ekologiczny \u015brodek dezynfekuj\u0105cy<\/h2>\n\n\n\n<p>\u015arodek dezynfekuj\u0105cy NebuloX jest wynikiem szeroko zakrojonych bada\u0144 i test\u00f3w, \u0142\u0105cz\u0105cych innowacyjno\u015b\u0107 z udowodnion\u0105 skuteczno\u015bci\u0105. Ta wysokowydajna, biodegradowalna formu\u0142a osi\u0105ga wyj\u0105tkow\u0105 eliminacj\u0119 drobnoustroj\u00f3w, pozostaj\u0105c jednocze\u015bnie ca\u0142kowicie bezpieczna dla u\u017cytkownik\u00f3w i \u015brodowiska. Zaprojektowana z my\u015bl\u0105 o maksymalnej kompatybilno\u015bci materia\u0142owej, zosta\u0142a rygorystycznie przetestowana na szerokim zakresie powierzchni i sprz\u0119tu szpitalnego, aby zapewni\u0107 d\u0142ugoterminowe bezpiecze\u0144stwo i niezawodno\u015b\u0107.  <\/p>\n\n\n\n<p>Nasz gotowy do u\u017cycia \u015brodek dezynfekuj\u0105cy NebuloX Air RTU PAA zapewnia wysoki poziom dezynfekcji powietrza w pomieszczeniach w budynkach u\u017cyteczno\u015bci publicznej, w tym w plac\u00f3wkach medycznych, klinikach weterynaryjnych, gospodarstwach rolnych, obiektach przemys\u0142u rolno-spo\u017cywczego, obejmuj\u0105c tym samym strefy u\u017cytkowania TP2, TP3 i TP4.<\/p>\n\n\n\n<p class=\"paragraf-articol\">Testy kompatybilno\u015bci przeprowadzone w Eurofins EAG Materials Science w Holandii wykaza\u0142y, \u017ce nasza formu\u0142a jest bezpieczna dla wi\u0119kszo\u015bci materia\u0142\u00f3w powszechnie spotykanych w tych \u015brodowiskach, w tym metali, tworzyw sztucznych i komponent\u00f3w elektronicznych.<br\/> Nasza wysoce skuteczna formu\u0142a biocyd\u00f3w nie pozostawia \u017cadnych pozosta\u0142o\u015bci chemicznych i jest bezpieczna dla personelu i \u015brodowiska, je\u015bli respectowane s\u0105 zalecenia producenta.<\/p>\n\n\n\n<div class=\"wp-block-columns is-layout-flex wp-container-core-columns-is-layout-9d6595d7 wp-block-columns-is-layout-flex\">\n<div class=\"wp-block-column is-layout-flow wp-block-column-is-layout-flow\">\n<h2 class=\"wp-block-heading\">Kategoria<\/h2>\n\n\n\n<p><br\/>\u2022 Chemiczne \u015brodki dezynfekuj\u0105ce i antyseptyczne.<\/p>\n\n\n\n<h2 class=\"wp-block-heading\"><br\/>Grupa<\/h2>\n\n\n\n<p><br\/>\u2022 1 &#8211; \u015arodki dezynfekuj\u0105ce<br\/>Typ produktu<br\/>\u2022 TP2, TP3, TP4.<\/p>\n\n\n\n<h2 class=\"wp-block-heading\"><br\/>U\u017cycie<\/h2>\n\n\n\n<p><br\/>\u2022 Dezynfekcja powietrza w pomieszczeniach.<br\/>\u2022 Dezynfekcja kom\u00f3r za pomoc\u0105 nebulizatora z serii NebuloX V3.x.<\/p>\n\n\n\n<h2 class=\"wp-block-heading\"><br\/>Substancje aktywne<\/h2>\n\n\n\n<p><br\/>\u2022 Nadtlenek wodoru (CAS 7722-84-1; EC 231-765-0).<br\/>\u2022 Kwas nadoctowy (CAS 79-21-0; EC 201-186-8).<br\/>\u2022 Chlorek didecylodimetyloamoniowy (DDAC (C8-10)) (68424-95-3).<\/p>\n<\/div>\n\n\n\n<div class=\"wp-block-column is-layout-flow wp-block-column-is-layout-flow\">\n<h2 class=\"wp-block-heading\">Proces nebulizacji<\/h2>\n\n\n\n<p><br\/>\u2022 B\u0119dzie on wykonywany wy\u0142\u0105cznie za pomoc\u0105 sprz\u0119tu NebuloX V3.0, w sesjach do 500 metr\u00f3w sze\u015bciennych \/ procedur\u0119, zgodnie z zawiadomieniem o wprowadzeniu do obrotu, kart\u0105 charakterystyki i kart\u0105 charakterystyki. <\/p>\n\n\n\n<h2 class=\"wp-block-heading\"><br\/>Stan<\/h2>\n\n\n\n<p><br\/>\u2022 Gotowy do u\u017cycia.<\/p>\n\n\n\n<h2 class=\"wp-block-heading\"><br\/>Opakowanie<\/h2>\n\n\n\n<p><br\/>\u2022 Butelka HDPE o pojemno\u015bci 1 litra z certyfikatem ADR. Opakowanie kartonowe zawieraj\u0105ce 6 butelek o pojemno\u015bci 1 litra.<\/p>\n\n\n\n<h2 class=\"wp-block-heading\"><br\/>Przechowywanie<\/h2>\n\n\n\n<p><br\/>\u2022 5 &#8211; 25\u00b0C, w wentylowanym pomieszczeniu, unikaj\u0105c ekspozycji na s\u0142o\u0144ce.<br\/>Termin wa\u017cno\u015bci (w wy\u017cej okre\u015blonych warunkach przechowywania):<br\/>\u2022 12 miesi\u0119cy od daty produkcji (zamkni\u0119te); 30 dni od otwarcia.<\/p>\n<\/div>\n<\/div>\n<\/div>\n<\/div>\n\n<div class=\"wp-block-columns container titlu-frogger is-layout-flex wp-container-core-columns-is-layout-9d6595d7 wp-block-columns-is-layout-flex\">\n<div class=\"wp-block-column is-layout-flow wp-block-column-is-layout-flow\">\n<h2 class=\"wp-block-heading\">Testy skuteczno\u015bci przeciwko patogenom<\/h2>\n\n\n\n<div class=\"table\">\n\n  <!-- Header -->\n  <div class=\"table-header\">\n    <div class=\"cell\">Test<\/div>\n    <div class=\"cell\">Organizm<\/div>\n    <div class=\"cell\">St\u0119\u017cenie<\/div>\n    <div class=\"cell\">Czas kontaktu<\/div>\n    <div class=\"cell\">Wynik<\/div>\n    <div class=\"cell\">Standard<\/div>\n  <\/div>\n\n  <!-- Section 1 -->\n  <div class=\"section-title\">Testy nebulizacji TP2+TP4 (Medyczne, Profesjonalne, Spo\u017cywcze)<\/div>\n\n  <!-- BACTERICIDE -->\n  <div class=\"group\">\n    <div class=\"group-label\">BAKTERIOB\u00d3JCZY<\/div>\n    <div class=\"group-rows\">\n      <div class=\"table-row\"><div class=\"cell\">S. aureus ATCC 6538<\/div><div class=\"cell\">0,5 ml\/mc<\/div><div class=\"cell\">120 min<\/div><div class=\"cell\">LOG 5,68*<\/div><div class=\"cell\">17272<\/div><\/div>\n      <div class=\"table-row\"><div class=\"cell\">E. hirae ATCC 10541<\/div><div class=\"cell\">0,5 ml\/mc<\/div><div class=\"cell\">120 min<\/div><div class=\"cell\">LOG 5,72*<\/div><div class=\"cell\">17272<\/div><\/div>\n      <div class=\"table-row\"><div class=\"cell\">E. coli ATCC 10536<\/div><div class=\"cell\">0,5 ml\/mc<\/div><div class=\"cell\">120 min<\/div><div class=\"cell\">LOG 5,44*<\/div><div class=\"cell\">17272<\/div><\/div>\n      <div class=\"table-row\"><div class=\"cell\">A. baumannii ATCC 19606<\/div><div class=\"cell\">0,5 ml\/mc<\/div><div class=\"cell\">120 min<\/div><div class=\"cell\">LOG 5,77*<\/div><div class=\"cell\">17272<\/div><\/div>\n    <\/div>\n  <\/div>\n\n  <!-- DISTRIBUTION -->\n  <div class=\"group\">\n    <div class=\"group-label\">DYSTRYBUCJA<\/div>\n    <div class=\"group-rows\">\n      <div class=\"table-row\"><div class=\"cell\">S. aureus ATCC 6538<\/div><div class=\"cell\">0,5 ml\/mc<\/div><div class=\"cell\">120 min<\/div><div class=\"cell\">LOG 6,20*<\/div><div class=\"cell\">17272<\/div><\/div>\n      <div class=\"table-row\"><div class=\"cell\"><\/div><div class=\"cell\"><\/div><div class=\"cell\"><\/div><div class=\"cell\">LOG 6,17*<\/div><div class=\"cell\">17272<\/div><\/div>\n      <div class=\"table-row\"><div class=\"cell\"><\/div><div class=\"cell\"><\/div><div class=\"cell\"><\/div><div class=\"cell\">LOG 7,10*<\/div><div class=\"cell\">17272<\/div><\/div>\n      <div class=\"table-row\"><div class=\"cell\"><\/div><div class=\"cell\"><\/div><div class=\"cell\"><\/div><div class=\"cell\">LOG 7,40*<\/div><div class=\"cell\">17272<\/div><\/div>\n    <\/div>\n  <\/div>\n\n  <!-- SPORICIDE -->\n  <div class=\"group\">\n    <div class=\"group-label\">SPOROB\u00d3JCZY<\/div>\n    <div class=\"group-rows\">\n      <div class=\"table-row\"><div class=\"cell\">B. spizizienii (dawniej subtilis) ATCC 6633<\/div><div class=\"cell\">0,5 ml\/mc<\/div><div class=\"cell\">120 min<\/div><div class=\"cell\">LOG 6,29*<\/div><div class=\"cell\">17272<\/div><\/div>\n    <\/div>\n  <\/div>\n\n  <!-- VIRUCIDE -->\n  <div class=\"group\">\n    <div class=\"group-label\">WIRUSOB\u00d3JCZY<\/div>\n    <div class=\"group-rows\">\n      <div class=\"table-row\"><div class=\"cell\">Adenovirus<\/div><div class=\"cell\">0,5 ml\/mc<\/div><div class=\"cell\">120 min<\/div><div class=\"cell\">LOG 4,08<\/div><div class=\"cell\">17272<\/div><\/div>\n      <div class=\"table-row\"><div class=\"cell\">Norovirus<\/div><div class=\"cell\">0,5 ml\/mc<\/div><div class=\"cell\">120 min<\/div><div class=\"cell\">LOG 4,16<\/div><div class=\"cell\">17272<\/div><\/div>\n    <\/div>\n  <\/div>\n\n  <!-- YEASTICIDAL -->\n  <div class=\"group\">\n    <div class=\"group-label\">DRO\u017bD\u017bOB\u00d3JCZY<\/div>\n    <div class=\"group-rows\">\n      <div class=\"table-row\"><div class=\"cell\">Candida Albicans<\/div><div class=\"cell\">0,5 ml\/mc<\/div><div class=\"cell\">120 min<\/div><div class=\"cell\">LOG 4,84<\/div><div class=\"cell\">17272<\/div><\/div>\n      <div class=\"table-row\"><div class=\"cell\">Candida Auris<\/div><div class=\"cell\">0,5 ml\/mc<\/div><div class=\"cell\">120 min<\/div><div class=\"cell\">LOG 4,09<\/div><div class=\"cell\">17272<\/div><\/div>\n    <\/div>\n  <\/div>\n\n  <!-- BACTERICIDE 2 -->\n  <div class=\"group\">\n    <div class=\"group-label\">BAKTERIOB\u00d3JCZY<\/div>\n    <div class=\"group-rows\">\n      <div class=\"table-row\"><div class=\"cell\">P. Aeruginosa<\/div><div class=\"cell\">0,5 ml\/mc<\/div><div class=\"cell\">120 min<\/div><div class=\"cell\">LOG 5,25*<\/div><div class=\"cell\">17272<\/div><\/div>\n    <\/div>\n  <\/div>\n\n  <!-- MYCOBACTERICIDE -->\n  <div class=\"group\">\n    <div class=\"group-label\">MYKOBAKTERIOB\u00d3JCZY<\/div>\n    <div class=\"group-rows\">\n      <div class=\"table-row\"><div class=\"cell\">M. Terrae<\/div><div class=\"cell\">0,5 ml\/mc<\/div><div class=\"cell\">120 min<\/div><div class=\"cell\">LOG 5,21<\/div><div class=\"cell\">17272<\/div><\/div>\n      <div class=\"table-row\"><div class=\"cell\">M. Avium<\/div><div class=\"cell\">0,5 ml\/mc<\/div><div class=\"cell\">120 min<\/div><div class=\"cell\">LOG 4,72<\/div><div class=\"cell\">17272<\/div><\/div>\n    <\/div>\n  <\/div>\n\n  <!-- SUSPENSION TESTS -->\n  <div class=\"subsection\">Testy zawiesinowe<\/div>\n\n  <div class=\"group\">\n    <div class=\"group-label\">BAKTERIOB\u00d3JCZY<\/div>\n    <div class=\"group-rows\">\n      <div class=\"table-row\"><div class=\"cell\">S. aureus ATCC 6538<\/div><div class=\"cell\">1%<\/div><div class=\"cell\">1 min<\/div><div class=\"cell\">LOG 5,44<\/div><div class=\"cell\">13727:2015<\/div><\/div>\n      <div class=\"table-row\"><div class=\"cell\">E. hirae ATCC 10541<\/div><div class=\"cell\">1%<\/div><div class=\"cell\">1 min<\/div><div class=\"cell\">LOG 5,25<\/div><div class=\"cell\">13727:2015<\/div><\/div>\n      <div class=\"table-row\"><div class=\"cell\">P. Aeruginosa ATCC 15442<\/div><div class=\"cell\">1%<\/div><div class=\"cell\">1 min<\/div><div class=\"cell\">LOG 5,23<\/div><div class=\"cell\">13727:2015<\/div><\/div>\n    <\/div>\n  <\/div>\n\n  <div class=\"group\">\n    <div class=\"group-label\">GRZYBOB\u00d3JCZY <br\/> DRO\u017bD\u017bOB\u00d3JCZY<\/div>\n    <div class=\"group-rows\">\n      <div class=\"table-row\"><div class=\"cell\">Candida Albicans<\/div><div class=\"cell\">1%<\/div><div class=\"cell\">1 min<\/div><div class=\"cell\">LOG 4,24<\/div><div class=\"cell\">13624:2021<\/div><\/div>\n      <div class=\"table-row\"><div class=\"cell\">Aspergillus brasiliensis<\/div><div class=\"cell\">1%<\/div><div class=\"cell\">1 min<\/div><div class=\"cell\">LOG 4,07<\/div><div class=\"cell\">13624:2021<\/div><\/div>\n    <\/div>\n  <\/div>\n\n  <div class=\"group\">\n    <div class=\"group-label\">SPOROB\u00d3JCZY<\/div>\n    <div class=\"group-rows\">\n      <div class=\"table-row\"><div class=\"cell\">Bacillus subtilis ATCC 6633<\/div><div class=\"cell\">10%<\/div><div class=\"cell\">1 min<\/div><div class=\"cell\">LOG 5,34<\/div><div class=\"cell\">17126:2019<\/div><\/div>\n      <div class=\"table-row\"><div class=\"cell\">Bacillus cereus cip 105151<\/div><div class=\"cell\">50%<\/div><div class=\"cell\">1 min<\/div><div class=\"cell\">LOG 5,34<\/div><div class=\"cell\">17126:2019<\/div><\/div>\n    <\/div>\n  <\/div>\n\n  <!-- TP3 -->\n  <div class=\"section-title\">Testy nebulizacji TP3 (Weterynaryjna)<\/div>\n\n  <div class=\"group\">\n    <div class=\"group-label\">BAKTERIOB\u00d3JCZY<\/div>\n    <div class=\"group-rows\">\n      <div class=\"table-row\"><div class=\"cell\">S. aureus ATCC 6538<\/div><div class=\"cell\">0,5 ml\/mc<\/div><div class=\"cell\">120 min<\/div><div class=\"cell\">LOG 7,27*<\/div><div class=\"cell\">17272<\/div><\/div>\n      <div class=\"table-row\"><div class=\"cell\">E. hirae ATCC 10541<\/div><div class=\"cell\">0,5 ml\/mc<\/div><div class=\"cell\">120 min<\/div><div class=\"cell\">LOG 6,82*<\/div><div class=\"cell\">17272<\/div><\/div>\n      <div class=\"table-row\"><div class=\"cell\">P. Aeruginosa ATCC 15442<\/div><div class=\"cell\">0,5 ml\/mc<\/div><div class=\"cell\">120 min<\/div><div class=\"cell\">LOG 8,09*<\/div><div class=\"cell\">17272<\/div><\/div>\n    <\/div>\n  <\/div>\n\n  <div class=\"group\">\n    <div class=\"group-label\">GRZYBOB\u00d3JCZY <br\/> DRO\u017bD\u017bOB\u00d3JCZY<\/div>\n    <div class=\"group-rows\">\n      <div class=\"table-row\"><div class=\"cell\">Candida Albicans ATCC 10231<\/div><div class=\"cell\">0,5 ml\/mc<\/div><div class=\"cell\">120 min<\/div><div class=\"cell\">LOG 5,96*<\/div><div class=\"cell\">17272<\/div><\/div>\n      <div class=\"table-row\"><div class=\"cell\">Aspergillus brasiliensis ATCC 16404<\/div><div class=\"cell\">0,5 ml\/mc<\/div><div class=\"cell\">120 min<\/div><div class=\"cell\">LOG 5,37*<\/div><div class=\"cell\">17272<\/div><\/div>\n    <\/div>\n  <\/div>\n\n  <div class=\"group\">\n    <div class=\"group-label\">MYKOBAKTERIOB\u00d3JCZY<\/div>\n    <div class=\"group-rows\">\n      <div class=\"table-row\"><div class=\"cell\">M. Avium<\/div><div class=\"cell\">0,5 ml\/mc<\/div><div class=\"cell\">120 min<\/div><div class=\"cell\">LOG 6,38*<\/div><div class=\"cell\">17272<\/div><\/div>\n    <\/div>\n  <\/div>\n\n  <div class=\"group\">\n    <div class=\"group-label\">WIRUSOB\u00d3JCZY<\/div>\n    <div class=\"group-rows\">\n      <div class=\"table-row\"><div class=\"cell\">Substytut wirusa afryka\u0144skiego pomoru \u015bwi\u0144<\/div><div class=\"cell\">0,5 ml\/mc<\/div><div class=\"cell\">120 min<\/div><div class=\"cell\">LOG 4,06*<\/div><div class=\"cell\">17272<\/div><\/div>\n    <\/div>\n  <\/div>\n<\/div><\/div>\n<\/div>\n","protected":false},"excerpt":{"rendered":"<p>NebuloX Air RTU PAA Roztw\u00f3r dezynfekuj\u0105cy Zaawansowany, bezpieczny i ekologiczny \u015brodek dezynfekuj\u0105cy \u015arodek dezynfekuj\u0105cy NebuloX jest wynikiem szeroko zakrojonych bada\u0144 i test\u00f3w, \u0142\u0105cz\u0105cych innowacyjno\u015b\u0107 z udowodnion\u0105 skuteczno\u015bci\u0105. Ta wysokowydajna, biodegradowalna formu\u0142a osi\u0105ga wyj\u0105tkow\u0105 eliminacj\u0119 drobnoustroj\u00f3w, pozostaj\u0105c jednocze\u015bnie ca\u0142kowicie bezpieczna dla u\u017cytkownik\u00f3w i \u015brodowiska. Zaprojektowana z my\u015bl\u0105 o maksymalnej kompatybilno\u015bci materia\u0142owej, zosta\u0142a rygorystycznie przetestowana na szerokim [&hellip;]<\/p>\n","protected":false},"author":1,"featured_media":0,"parent":0,"menu_order":0,"comment_status":"closed","ping_status":"closed","template":"page-full.php","meta":{"footnotes":""},"class_list":["post-355","page","type-page","status-publish","hentry"],"_links":{"self":[{"href":"https:\/\/nebulox.ro\/pl\/wp-json\/wp\/v2\/pages\/355","targetHints":{"allow":["GET"]}}],"collection":[{"href":"https:\/\/nebulox.ro\/pl\/wp-json\/wp\/v2\/pages"}],"about":[{"href":"https:\/\/nebulox.ro\/pl\/wp-json\/wp\/v2\/types\/page"}],"author":[{"embeddable":true,"href":"https:\/\/nebulox.ro\/pl\/wp-json\/wp\/v2\/users\/1"}],"replies":[{"embeddable":true,"href":"https:\/\/nebulox.ro\/pl\/wp-json\/wp\/v2\/comments?post=355"}],"version-history":[{"count":1,"href":"https:\/\/nebulox.ro\/pl\/wp-json\/wp\/v2\/pages\/355\/revisions"}],"predecessor-version":[{"id":357,"href":"https:\/\/nebulox.ro\/pl\/wp-json\/wp\/v2\/pages\/355\/revisions\/357"}],"wp:attachment":[{"href":"https:\/\/nebulox.ro\/pl\/wp-json\/wp\/v2\/media?parent=355"}],"curies":[{"name":"wp","href":"https:\/\/api.w.org\/{rel}","templated":true}]}}