{"id":345,"date":"2025-10-28T14:13:15","date_gmt":"2025-10-28T14:13:15","guid":{"rendered":"https:\/\/nebulox.ro\/nebulisateur-nebulo-v3-0\/"},"modified":"2025-11-28T14:12:15","modified_gmt":"2025-11-28T14:12:15","slug":"nebulisateur-nebulo-v3-0","status":"publish","type":"page","link":"https:\/\/nebulox.ro\/fr\/nebulisateur-nebulo-v3-0\/","title":{"rendered":"N\u00e9bulisateur Nebulo v3.0"},"content":{"rendered":"\n<div class=\"wp-block-columns hero-pagina2 is-layout-flex wp-container-core-columns-is-layout-9d6595d7 wp-block-columns-is-layout-flex\">\n<div class=\"wp-block-column container is-layout-flow wp-block-column-is-layout-flow\">\n<p class=\"titlu-pagina \">NebuloX V3.0 <\/p>\n\n\n\n<p class=\" titlu-2\">Syst\u00e8me de d\u00e9sinfection<\/p>\n<\/div>\n<\/div>\n\n<div class=\"wp-block-columns is-layout-flex wp-container-core-columns-is-layout-9d6595d7 wp-block-columns-is-layout-flex\"><\/div>\n\n<div class=\"wp-block-columns container is-layout-flex wp-container-core-columns-is-layout-9d6595d7 wp-block-columns-is-layout-flex\">\n<div class=\"wp-block-column container titlu-frogger is-layout-flow wp-block-column-is-layout-flow\">\n<div class=\"wp-block-columns titlu-frogger is-layout-flex wp-container-core-columns-is-layout-9d6595d7 wp-block-columns-is-layout-flex\">\n<div class=\"wp-block-column is-layout-flow wp-block-column-is-layout-flow\">\n<h2 class=\"wp-block-heading\">Sp\u00e9cifications de l&rsquo;\u00e9quipement<\/h2>\n\n\n\n<h3 class=\"wp-block-heading\"><br\/>N\u00e9bulisateur :<\/h3>\n\n\n\n<p><br\/>\u2022 270 mm x 300 mm x 330 mm.<br\/>\u2022 Bo\u00eetier en dural uminium peint en champ en champ \u00e9lectrost atique d&rsquo; un poids de 6,3 kg ou avec bo\u00eetier en acier inoxydable poids de 11,4 kg.<br\/>\u2022 Durable et r\u00e9sistant aux chocs.<\/p>\n\n\n\n<h3 class=\"wp-block-heading\"><br\/>Chariot \u00e0 double support :<\/h3>\n\n\n\n<p><br\/>\u2022 600 mm x 400 mm x 1000 mm.<br\/>\u2022 Poids : 6,5 kg.<\/p>\n\n\n\n<h3 class=\"wp-block-heading\"><br\/>Exigences d&rsquo;alimentation<\/h3>\n\n\n\n<p><br\/>\u2022 10 A @ 240 V 50 Hz.<br\/>\u2022 20 A @ 120 V 60 Hz.<\/p>\n\n\n\n<h3 class=\"wp-block-heading\"><br\/>Volume de n\u00e9bulisation maximale<\/h3>\n\n\n\n<p><br\/>\u2022 500 m\u00e8tres cubes par proc\u00e9dure.<\/p>\n<\/div>\n\n\n\n<div class=\"wp-block-column is-layout-flow wp-block-column-is-layout-flow\">\n<h3 class=\"wp-block-heading\">Turbine<\/h3>\n\n\n\n<p><br\/>\u2022 Turbine centrifuge haute performance avec une puissance maximale de 1750 W @ 240 V.<\/p>\n\n\n\n<h3 class=\"wp-block-heading\"><br\/>Syst\u00e8me de dosage<\/h3>\n\n\n\n<p><br\/>\u2022 Pompe p\u00e9ristaltique de pr\u00e9cision \u00e0 commande \u00e9lectronique.<br\/>\u2022 Balance num\u00e9rique de pr\u00e9cision int\u00e9gr\u00e9ed<\/p>\n\n\n\n<h3 class=\"wp-block-heading\"><br\/>Capteurs<\/h3>\n\n\n\n<p><br\/>\u2022 Capteurs de temp\u00e9rature et d&rsquo;humidit\u00e9.<br\/>\u2022 Capteur de compos\u00e9s volatils + capteur de CO2.<br\/>\u2022 Capteur de difracti on Honeywell pour mesurer la distribution granulom\u00e9trique (en option)<br\/>\u2022 Capteur de concentration de peroxyde d&rsquo;hydrog\u00e8ne Vaisala (en option).<br\/>\u2022Capteurs suppl\u00e9mentaires pour des configurations, mesures et r\u00e9glages sp\u00e9ciiques.<\/p>\n\n\n\n<h3 class=\"wp-block-heading\"><br\/>Interface utilisateur<\/h3>\n\n\n\n<p><br\/>\u2022 \u00c9cran LCD tactile couleur de 5 pouces<\/p>\n\n\n\n<h3 class=\"wp-block-heading\"><br\/>Communications<\/h3>\n\n\n\n<p><br\/>\u2022 Interface USB : pour les mises \u00e0 jour logicielles, les diagnostics, le t\u00e9l\u00e9chargement et l&rsquo;analyse des param\u00e8tres de fonctionnement.<br\/>\u2022 Modem WIFI \u2013 BLE \u2013 LTE.<\/p>\n<\/div>\n<\/div>\n<\/div>\n<\/div>\n","protected":false},"excerpt":{"rendered":"<p>NebuloX V3.0 Syst\u00e8me de d\u00e9sinfection Sp\u00e9cifications de l&rsquo;\u00e9quipement N\u00e9bulisateur : \u2022 270 mm x 300 mm x 330 mm.\u2022 Bo\u00eetier en dural uminium peint en champ en champ \u00e9lectrost atique d&rsquo; un poids de 6,3 kg ou avec bo\u00eetier en acier inoxydable poids de 11,4 kg.\u2022 Durable et r\u00e9sistant aux chocs. Chariot \u00e0 double support [&hellip;]<\/p>\n","protected":false},"author":1,"featured_media":0,"parent":0,"menu_order":0,"comment_status":"closed","ping_status":"closed","template":"page-full.php","meta":{"footnotes":""},"class_list":["post-345","page","type-page","status-publish","hentry"],"_links":{"self":[{"href":"https:\/\/nebulox.ro\/fr\/wp-json\/wp\/v2\/pages\/345","targetHints":{"allow":["GET"]}}],"collection":[{"href":"https:\/\/nebulox.ro\/fr\/wp-json\/wp\/v2\/pages"}],"about":[{"href":"https:\/\/nebulox.ro\/fr\/wp-json\/wp\/v2\/types\/page"}],"author":[{"embeddable":true,"href":"https:\/\/nebulox.ro\/fr\/wp-json\/wp\/v2\/users\/1"}],"replies":[{"embeddable":true,"href":"https:\/\/nebulox.ro\/fr\/wp-json\/wp\/v2\/comments?post=345"}],"version-history":[{"count":1,"href":"https:\/\/nebulox.ro\/fr\/wp-json\/wp\/v2\/pages\/345\/revisions"}],"predecessor-version":[{"id":346,"href":"https:\/\/nebulox.ro\/fr\/wp-json\/wp\/v2\/pages\/345\/revisions\/346"}],"wp:attachment":[{"href":"https:\/\/nebulox.ro\/fr\/wp-json\/wp\/v2\/media?parent=345"}],"curies":[{"name":"wp","href":"https:\/\/api.w.org\/{rel}","templated":true}]}}