{"id":313,"date":"2025-10-28T14:04:39","date_gmt":"2025-10-28T14:04:39","guid":{"rendered":"https:\/\/nebulox.ro\/page-daccueil\/"},"modified":"2025-11-26T08:36:58","modified_gmt":"2025-11-26T08:36:58","slug":"page-daccueil","status":"publish","type":"page","link":"https:\/\/nebulox.ro\/fr\/","title":{"rendered":"Page d&rsquo;accueil"},"content":{"rendered":"\n<div class=\"wp-block-columns hero-home is-layout-flex wp-container-core-columns-is-layout-9d6595d7 wp-block-columns-is-layout-flex\">\n<div class=\"wp-block-column container is-layout-flow wp-block-column-is-layout-flow\">\n<div class=\"wp-block-columns container hero-text is-layout-flex wp-container-core-columns-is-layout-9d6595d7 wp-block-columns-is-layout-flex\">\n<div class=\"wp-block-column is-layout-flow wp-block-column-is-layout-flow\" style=\"flex-basis:100%\">\n<p class=\"hero-text\">D\u00e9couvrez le syst\u00e8me de d\u00e9sinfection automatis\u00e9 \u00e0 spectre complet NebuloX<br\/><\/p>\n<\/div>\n<\/div>\n\n\n\n<div class=\"wp-block-columns hero-icons is-layout-flex wp-container-core-columns-is-layout-9d6595d7 wp-block-columns-is-layout-flex\">\n<div class=\"wp-block-column home-system is-layout-flow wp-block-column-is-layout-flow\" style=\"flex-basis:66.66%\">\n<div class=\"wp-block-columns home-icons is-layout-flex wp-container-core-columns-is-layout-9d6595d7 wp-block-columns-is-layout-flex\">\n<div class=\"wp-block-column is-layout-flow wp-block-column-is-layout-flow\">\n<figure class=\"wp-block-image size-full\"><a href=\"https:\/\/nebulox.ro\/nebulo-v3-0-fogger\/\"><img loading=\"lazy\" decoding=\"async\" width=\"297\" height=\"206\" src=\"https:\/\/nebulox.ro\/wp-content\/uploads\/2025\/11\/1.png\" alt=\"\" class=\"wp-image-90\"\/><\/a><\/figure>\n\n\n\n<p>N\u00e9buliseur<\/p>\n<\/div>\n\n\n\n<div class=\"wp-block-column is-layout-flow wp-block-column-is-layout-flow\">\n<figure class=\"wp-block-image size-full\"><a href=\"https:\/\/nebulox.ro\/nebulox-air-rtu-paa\/\"><img loading=\"lazy\" decoding=\"async\" width=\"308\" height=\"275\" src=\"https:\/\/nebulox.ro\/wp-content\/uploads\/2025\/11\/2.png\" alt=\"\" class=\"wp-image-91\" srcset=\"https:\/\/nebulox.ro\/wp-content\/uploads\/2025\/11\/2.png 308w, https:\/\/nebulox.ro\/wp-content\/uploads\/2025\/11\/2-300x268.png 300w\" sizes=\"auto, (max-width: 308px) 100vw, 308px\" \/><\/a><\/figure>\n\n\n\n<p>D\u00e9sinfectant<\/p>\n<\/div>\n\n\n\n<div class=\"wp-block-column is-layout-flow wp-block-column-is-layout-flow\">\n<figure class=\"wp-block-image size-full\"><a href=\"https:\/\/nebulox.ro\/management-console\/\"><img loading=\"lazy\" decoding=\"async\" width=\"282\" height=\"232\" src=\"https:\/\/nebulox.ro\/wp-content\/uploads\/2025\/11\/3.png\" alt=\"\" class=\"wp-image-92\"\/><\/a><\/figure>\n\n\n\n<p>Application web pour la surveillance<\/p>\n<\/div>\n<\/div>\n<\/div>\n\n\n\n<div class=\"wp-block-column log7 is-layout-flow wp-block-column-is-layout-flow\" style=\"flex-basis:33.33%\">\n<figure class=\"wp-block-image size-full\"><img loading=\"lazy\" decoding=\"async\" width=\"743\" height=\"346\" src=\"https:\/\/nebulox.ro\/wp-content\/uploads\/2025\/11\/4.png\" alt=\"\" class=\"wp-image-93\" srcset=\"https:\/\/nebulox.ro\/wp-content\/uploads\/2025\/11\/4.png 743w, https:\/\/nebulox.ro\/wp-content\/uploads\/2025\/11\/4-300x140.png 300w\" sizes=\"auto, (max-width: 743px) 100vw, 743px\" \/><\/figure>\n<\/div>\n<\/div>\n\n\n\n<div class=\"wp-block-columns is-layout-flex wp-container-core-columns-is-layout-9d6595d7 wp-block-columns-is-layout-flex\">\n<div class=\"wp-block-column is-layout-flow wp-block-column-is-layout-flow\">\n<div class=\"hero-canvas-container\">\n        <canvas id=\"heroCanvas\"><\/canvas>\n    <\/div>\n<script>\nconst canvas = document.getElementById('heroCanvas');\nconst ctx = canvas.getContext('2d', { alpha: true });\n\nfunction resizeCanvas() {\n  canvas.width = canvas.offsetWidth;\n  canvas.height = canvas.offsetHeight;\n}\nresizeCanvas();\nwindow.addEventListener(\"resize\", resizeCanvas);\n\nclass Particle {\n  constructor() {\n    this.x = canvas.width - Math.random() * 300;\n    this.y = canvas.height - Math.random() * 300;\n    this.vx = -(Math.random() * 0.5 + 0.2);\n    this.vy = -(Math.random() * 0.5 + 0.2);\n    this.size = Math.random() * 0.8 + 0.2;\n    this.life = 100;\n  }\n\n  update() {\n    this.x += this.vx;\n    this.y += this.vy;\n    this.life--;\n  }\n\n  draw() {\n    ctx.beginPath();\n    ctx.arc(this.x, this.y, this.size, 0, Math.PI * 2);\n    ctx.fillStyle = \"rgba(180,220,255,0.7)\";\n    ctx.fill();\n  }\n}\n\nconst particles = [];\n\nfunction loop() {\n  ctx.clearRect(0, 0, canvas.width, canvas.height);\n\n  if (particles.length < 300) {\n    particles.push(new Particle());\n  }\n\n  for (let i = particles.length - 1; i >= 0; i--) {\n    const p = particles[i];\n    p.update();\n    p.draw();\n    if (p.life <= 0) particles.splice(i, 1);\n  }\n\n  requestAnimationFrame(loop);\n}\n\nloop();\n<\/script>\n<\/div>\n<\/div>\n<\/div>\n<\/div>\n\n<div class=\"wp-block-columns container is-layout-flex wp-container-core-columns-is-layout-9d6595d7 wp-block-columns-is-layout-flex\">\n<div class=\"wp-block-column container titlu-frogger is-layout-flow wp-block-column-is-layout-flow\">\n<p class=\"paragraf-articol\">Notre n\u00e9bulisateur de d\u00e9sinfection \u00e0 la pointe de la technologie est fabriqu\u00e9 avec une ing\u00e9nierie de pr\u00e9cision et des composants de qualit\u00e9 sup\u00e9rieure s\u00e9lectionn\u00e9s pour leur fiabilit\u00e9 et leurs performances. Chaque d\u00e9tail, de sa conception ergonomique \u00e0 son contr\u00f4le avanc\u00e9 du flux d'air, assure une distribution optimale des particules. Dot\u00e9 d'une technologie de dispersion brevet\u00e9e, le syst\u00e8me d\u00e9livre des particules uniformes et ultrafines qui maximisent la couverture de surface et l'efficacit\u00e9 de la d\u00e9sinfection tout en minimisant les d\u00e9chets.  <\/p>\n\n\n\n<h2 class=\"wp-block-heading\">Syst\u00e8me de n\u00e9bulisation de pr\u00e9cision<\/h2>\n\n\n\n<p>La nouvelle version de NebuloX v3.0 apporte des am\u00e9liorations dans l\u2019assurance qualit\u00e9 et le dosage de la solution d\u00e9sinfectante. Le r\u00e9cipient contenant le d\u00e9sinfectant est plac\u00e9 dans un compartiment adjacent afin d\u2019\u00eatre prot\u00e9g\u00e9 contre la chaleur g\u00e9n\u00e9r\u00e9e par la turbine du n\u00e9buliseur, tandis que le syst\u00e8me de dosage mesure et r\u00e9gule \u00e0 la fois le d\u00e9bit volum\u00e9trique et la masse du d\u00e9sinfectant plac\u00e9 dans le r\u00e9servoir. <\/p>\n\n\n\n<p>NebuloXV3.0DisinfectionSystem Le n\u00e9buliseur et la solution d\u00e9sinfectante sont mont\u00e9s sur un chariot l\u00e9ger et compact, et l\u2019ensemble du syst\u00e8me peut \u00eatre utilis\u00e9 par n\u2019importe quel utilisateur, sans formation sp\u00e9ciale. Les donn\u00e9es stock\u00e9es par l\u2019\u00e9quipement sont synchronis\u00e9es avec l\u2019application web, ce qui permet aux utilisateurs autoris\u00e9s de g\u00e9n\u00e9rer des rapports et de recevoir des notifications et des alertes, pour un suivi pr\u00e9cis en temps r\u00e9el et une tra\u00e7abilit\u00e9 compl\u00e8te du processus. <\/p>\n\n\n\n<p><br\/><\/p>\n\n\n\n<div class=\"wp-block-columns titlu-frogger is-layout-flex wp-container-core-columns-is-layout-9d6595d7 wp-block-columns-is-layout-flex\">\n<div class=\"wp-block-column is-layout-flow wp-block-column-is-layout-flow\">\n<h3 class=\"wp-block-heading\">Efficacit\u00e9 et conformit\u00e9<\/h3>\n\n\n\n<p class=\"paragraf-articol\">\u2022 Test\u00e9 selon la norme EN 17272:2020 (spectre complet des agents pathog\u00e8nes).<br\/>\u2022 R\u00e9duction jusqu\u2019\u00e0 Log 7 avec seulement 0,5 ml\/m\u00b3<\/p>\n\n\n\n<h3 class=\"wp-block-heading\">S\u00e9curit\u00e9, tra\u00e7abilit\u00e9 et contr\u00f4le<\/h3>\n\n\n\n<p class=\"paragraf-articol\">\u2022 IInterface RFID : authentifie les param\u00e8tres tels que l\u2019utilisateur, la date et l\u2019heure de la n\u00e9bulisation, l\u2019emplacement, le type de solution, le volume des pi\u00e8ces, etc. L\u2019\u00e9tiquette RFID plac\u00e9e sur le flacon de d\u00e9sinfectant permet au n\u00e9buliseur de s\u2019authentifier et de ne consommer que la quantit\u00e9 contenue dans ce flacon.<br\/>\u2022 Il dispose d\u2019un syst\u00e8me de protection physique qui d\u00e9tecte l\u2019ouverture non autoris\u00e9e du bo\u00eetier, garantissant que tous les composants sont op\u00e9rationnels.<br\/><br\/>\u2022 V\u00e9rifie la composition de l\u2019air en temps r\u00e9el .<br\/>\u2022 Arr\u00eat l\u2019\u00e9quipement s\u2019il y a des compos\u00e9s volatils dangereux.<br\/>\u2022 L\u2019application web fournit une surveillance et des rapports en temps r\u00e9el.<\/p>\n\n\n\n<h3 class=\"wp-block-heading\">\u00c9cologique<\/h3>\n\n\n\n<p class=\"paragraf-articol\">\u2022 Aucun r\u00e9sidu chimique.<br\/>\u2022Formule biocide tr\u00e8s efficace, r\u00e9duisant consid\u00e9rablement les d\u00e9chets m\u00e9dicaux.<br\/>\u2022 S\u00fbr pour le personnel et pour l'environnement.<\/p>\n<\/div>\n<\/div>\n<\/div>\n<\/div>\n","protected":false},"excerpt":{"rendered":"<p>D\u00e9couvrez le syst\u00e8me de d\u00e9sinfection automatis\u00e9 \u00e0 spectre complet NebuloX N\u00e9buliseur D\u00e9sinfectant Application web pour la surveillance Notre n\u00e9bulisateur de d\u00e9sinfection \u00e0 la pointe de la technologie est fabriqu\u00e9 avec une ing\u00e9nierie de pr\u00e9cision et des composants de qualit\u00e9 sup\u00e9rieure s\u00e9lectionn\u00e9s pour leur fiabilit\u00e9 et leurs performances. Chaque d\u00e9tail, de sa conception ergonomique \u00e0 son [&hellip;]<\/p>\n","protected":false},"author":1,"featured_media":0,"parent":0,"menu_order":0,"comment_status":"closed","ping_status":"closed","template":"page-full.php","meta":{"footnotes":""},"class_list":["post-313","page","type-page","status-publish","hentry"],"_links":{"self":[{"href":"https:\/\/nebulox.ro\/fr\/wp-json\/wp\/v2\/pages\/313","targetHints":{"allow":["GET"]}}],"collection":[{"href":"https:\/\/nebulox.ro\/fr\/wp-json\/wp\/v2\/pages"}],"about":[{"href":"https:\/\/nebulox.ro\/fr\/wp-json\/wp\/v2\/types\/page"}],"author":[{"embeddable":true,"href":"https:\/\/nebulox.ro\/fr\/wp-json\/wp\/v2\/users\/1"}],"replies":[{"embeddable":true,"href":"https:\/\/nebulox.ro\/fr\/wp-json\/wp\/v2\/comments?post=313"}],"version-history":[{"count":1,"href":"https:\/\/nebulox.ro\/fr\/wp-json\/wp\/v2\/pages\/313\/revisions"}],"predecessor-version":[{"id":316,"href":"https:\/\/nebulox.ro\/fr\/wp-json\/wp\/v2\/pages\/313\/revisions\/316"}],"wp:attachment":[{"href":"https:\/\/nebulox.ro\/fr\/wp-json\/wp\/v2\/media?parent=313"}],"curies":[{"name":"wp","href":"https:\/\/api.w.org\/{rel}","templated":true}]}}