{"id":349,"date":"2025-10-28T14:13:41","date_gmt":"2025-10-28T14:13:41","guid":{"rendered":"https:\/\/nebulox.ro\/nebulox-air-rtu-paa\/"},"modified":"2025-11-28T15:13:33","modified_gmt":"2025-11-28T15:13:33","slug":"nebulox-air-rtu-paa","status":"publish","type":"page","link":"https:\/\/nebulox.ro\/es\/nebulox-air-rtu-paa\/","title":{"rendered":"NebuloX Air RTU PAA"},"content":{"rendered":"\n<div class=\"wp-block-columns hero-pagina3 is-layout-flex wp-container-core-columns-is-layout-9d6595d7 wp-block-columns-is-layout-flex\">\n<div class=\"wp-block-column container is-layout-flow wp-block-column-is-layout-flow\">\n<p class=\"titlu-pagina\">NebuloX Air RTU PAA  <\/p>\n\n\n\n<p class=\" titlu-2\">Soluci\u00f3n desinfectante<\/p>\n<\/div>\n<\/div>\n\n<div class=\"wp-block-columns container is-layout-flex wp-container-core-columns-is-layout-9d6595d7 wp-block-columns-is-layout-flex\">\n<div class=\"wp-block-column titlu-frogger is-layout-flow wp-block-column-is-layout-flow\">\n<h2 class=\"wp-block-heading\">Desinfectante avanzado, seguro y ecol\u00f3gico<\/h2>\n\n\n\n<p>El desinfectante NebuloX es el resultado de una extensa investigaci\u00f3n y pruebas, que combinan la innovaci\u00f3n con una eficacia probada. Esta formulaci\u00f3n biodegradable de alto rendimiento logra una eliminaci\u00f3n microbiana excepcional, a la vez que sigue siendo completamente segura para los usuarios y el medio ambiente. Dise\u00f1ado para una m\u00e1xima compatibilidad de materiales, se ha probado rigurosamente en una amplia gama de superficies y equipos hospitalarios para garantizar la seguridad y la fiabilidad a largo plazo.  <\/p>\n\n\n\n<p>Nuestro desinfectante Nebul oX Air RTU PAA, listo para usar, proporci ona desinfecci \u00f3n a\u00e9rea de alto nivelde habi en edificios p\u00fablicos, incluidas instal cl\u00edni cas veterinari as, granjas, i industri a alimentari taciones aciones m\u00e9dicas, nstalaci ones agr\u00edcolas y de la a, cubriendo as\u00ed las \u00e1reas de uso TP2, TP3 y TP4.<\/p>\n\n\n\n<p class=\"paragraf-articol\">Las pruebas de compatibilidad realizadas en Eurofins EAG Material Science de los Pa\u00edses Bajos demuestran que nuestra f\u00f3rmul a es segura para la mayor\u00eda de los materiales que se encuentran com\u00fanmente en estos entornos, inclui dos metales, pl\u00e1sti cos y componentes electr\u00f3nicos.<br\/>Nuestra f\u00f3rmula biocida altamente eficaz no deja residuos qu\u00edmicos y es segura para el personaly el medio ambiente si se siguen las recomendaciones del fabricante.<\/p>\n\n\n\n<div class=\"wp-block-columns is-layout-flex wp-container-core-columns-is-layout-9d6595d7 wp-block-columns-is-layout-flex\">\n<div class=\"wp-block-column is-layout-flow wp-block-column-is-layout-flow\">\n<h2 class=\"wp-block-heading\">Categor\u00eda<\/h2>\n\n\n\n<p><br\/>\u2022 Desinfectantes qu\u00edmicos y antis\u00e9pticos.<\/p>\n\n\n\n<h2 class=\"wp-block-heading\"><br\/>Grupo<\/h2>\n\n\n\n<p><br\/>\u2022 1 &#8211; Desinfectantes no destinados a la aplicaci\u00f3n directa en humanos o animales.<br\/>Tipo de producto<br\/>\u2022 TP2, TP3, TP4.<\/p>\n\n\n\n<h2 class=\"wp-block-heading\"><br\/>Uso<\/h2>\n\n\n\n<p><br\/>\u2022 Desinfecci\u00f3n de habitaciones mediante un nebulizador de la seri e NebuloX V3.x.<br\/>\u2022 Para ser utilizado \u00fanicamente con la m\u00e1quina nebulizadora NebuloX V3.0.<\/p>\n\n\n\n<h2 class=\"wp-block-heading\"><br\/>Sustancia activa<\/h2>\n\n\n\n<p><br\/>\u2022 Per\u00f3xido de hidr\u00f3geno (CAS 7722-84-1; EC 231-765-0).<br\/>\u2022 \u00c1cido perac\u00e9tico (CAS 79-21-0; EC 201-186-8).<br\/>\u2022 Cloruro de didecildimetilamonio (DDAC (C8-10)) (68424-95-3).<\/p>\n<\/div>\n\n\n\n<div class=\"wp-block-column is-layout-flow wp-block-column-is-layout-flow\">\n<h2 class=\"wp-block-heading\">Proceso de nebulizaci\u00f3n<\/h2>\n\n\n\n<p><br\/>\u2022 Con el nebulizador NebuloX V3.0, aprox. 500 metros c\u00fabicos \/ proceso \/ nebulizador. <\/p>\n\n\n\n<h2 class=\"wp-block-heading\"><br\/>Acondicionamiento<\/h2>\n\n\n\n<p><br\/>\u2022 Listo para usar.<\/p>\n\n\n\n<h2 class=\"wp-block-heading\"><br\/>Embalaje<\/h2>\n\n\n\n<p><br\/>\u2022 Botella de HDPE de 1 litro con certificaci\u00f3n ADR Envase de cart\u00f3n conteniendo 6 botellas de 1 litro.<\/p>\n\n\n\n<h2 class=\"wp-block-heading\"><br\/>Almacenamiento<\/h2>\n\n\n\n<p><br\/>\u2022 5 &#8211; 25\u00b0C, en una habitaci\u00f3n ventilada, evitando la exposici\u00f3n al sol.<br\/> Fecha de caducidad (en las condiciones de almacenamiento especificadas anteriormente):<br\/>\u2022 12 meses desde la fecha de fabricaci\u00f3n (sellado); 30 d\u00edas desde la apertura.<\/p>\n<\/div>\n<\/div>\n<\/div>\n<\/div>\n\n<div class=\"wp-block-columns container titlu-frogger is-layout-flex wp-container-core-columns-is-layout-9d6595d7 wp-block-columns-is-layout-flex\">\n<div class=\"wp-block-column is-layout-flow wp-block-column-is-layout-flow\">\n<h2 class=\"wp-block-heading\">Pruebas de eficiencia contra pat\u00f3genos<\/h2>\n\n\n\n<div class=\"table\">\n\n  <!-- Header -->\n  <div class=\"table-header\">\n    <div class=\"cell\">Prueba<\/div>\n    <div class=\"cell\">Organismo<\/div>\n    <div class=\"cell\">Concentraci\u00f3n<\/div>\n    <div class=\"cell\">Tiempo de contacto<\/div>\n    <div class=\"cell\">Resultado<\/div>\n    <div class=\"cell\">Est\u00e1ndar<\/div>\n  <\/div>\n\n  <!-- Section 1 -->\n  <div class=\"section-title\">Pruebas de nebulizaci\u00f3n TP2+TP4 (M\u00e9dico, Profesional, Alimentario)<\/div>\n\n  <!-- BACTERICIDE -->\n  <div class=\"group\">\n    <div class=\"group-label\">BACTERICIDA<\/div>\n    <div class=\"group-rows\">\n      <div class=\"table-row\"><div class=\"cell\">S. aureus ATCC 6538<\/div><div class=\"cell\">0,5 ml\/mc<\/div><div class=\"cell\">120 min<\/div><div class=\"cell\">LOG 5,68*<\/div><div class=\"cell\">17272<\/div><\/div>\n      <div class=\"table-row\"><div class=\"cell\">E. hirae ATCC 10541<\/div><div class=\"cell\">0,5 ml\/mc<\/div><div class=\"cell\">120 min<\/div><div class=\"cell\">LOG 5,72*<\/div><div class=\"cell\">17272<\/div><\/div>\n      <div class=\"table-row\"><div class=\"cell\">E. coli ATCC 10536<\/div><div class=\"cell\">0,5 ml\/mc<\/div><div class=\"cell\">120 min<\/div><div class=\"cell\">LOG 5,44*<\/div><div class=\"cell\">17272<\/div><\/div>\n      <div class=\"table-row\"><div class=\"cell\">A. baumannii ATCC 19606<\/div><div class=\"cell\">0,5 ml\/mc<\/div><div class=\"cell\">120 min<\/div><div class=\"cell\">LOG 5,77*<\/div><div class=\"cell\">17272<\/div><\/div>\n    <\/div>\n  <\/div>\n\n  <!-- DISTRIBUTION -->\n  <div class=\"group\">\n    <div class=\"group-label\">DISTRIBUCI\u00d3N<\/div>\n    <div class=\"group-rows\">\n      <div class=\"table-row\"><div class=\"cell\">S. aureus ATCC 6538<\/div><div class=\"cell\">0,5 ml\/mc<\/div><div class=\"cell\">120 min<\/div><div class=\"cell\">LOG 6,20*<\/div><div class=\"cell\">17272<\/div><\/div>\n      <div class=\"table-row\"><div class=\"cell\"><\/div><div class=\"cell\"><\/div><div class=\"cell\"><\/div><div class=\"cell\">LOG 6,17*<\/div><div class=\"cell\">17272<\/div><\/div>\n      <div class=\"table-row\"><div class=\"cell\"><\/div><div class=\"cell\"><\/div><div class=\"cell\"><\/div><div class=\"cell\">LOG 7,10*<\/div><div class=\"cell\">17272<\/div><\/div>\n      <div class=\"table-row\"><div class=\"cell\"><\/div><div class=\"cell\"><\/div><div class=\"cell\"><\/div><div class=\"cell\">LOG 7,40*<\/div><div class=\"cell\">17272<\/div><\/div>\n    <\/div>\n  <\/div>\n\n  <!-- SPORICIDE -->\n  <div class=\"group\">\n    <div class=\"group-label\">ESPORICIDA<\/div>\n    <div class=\"group-rows\">\n      <div class=\"table-row\"><div class=\"cell\">B. spizizienii (fost subtilis) ATCC 6633<\/div><div class=\"cell\">0,5 ml\/mc<\/div><div class=\"cell\">120 min<\/div><div class=\"cell\">LOG 6,29*<\/div><div class=\"cell\">17272<\/div><\/div>\n    <\/div>\n  <\/div>\n\n  <!-- VIRUCIDE -->\n  <div class=\"group\">\n    <div class=\"group-label\">VIRUCIDA<\/div>\n    <div class=\"group-rows\">\n      <div class=\"table-row\"><div class=\"cell\">Adenovirus<\/div><div class=\"cell\">0,5 ml\/mc<\/div><div class=\"cell\">120 min<\/div><div class=\"cell\">LOG 4,08<\/div><div class=\"cell\">17272<\/div><\/div>\n      <div class=\"table-row\"><div class=\"cell\">Norovirus<\/div><div class=\"cell\">0,5 ml\/mc<\/div><div class=\"cell\">120 min<\/div><div class=\"cell\">LOG 4,16<\/div><div class=\"cell\">17272<\/div><\/div>\n    <\/div>\n  <\/div>\n\n  <!-- YEASTICIDAL -->\n  <div class=\"group\">\n    <div class=\"group-label\">LEVADURICIDA<\/div>\n    <div class=\"group-rows\">\n      <div class=\"table-row\"><div class=\"cell\">Candida Albicans<\/div><div class=\"cell\">0,5 ml\/mc<\/div><div class=\"cell\">120 min<\/div><div class=\"cell\">LOG 4,84<\/div><div class=\"cell\">17272<\/div><\/div>\n      <div class=\"table-row\"><div class=\"cell\">Candida Auris<\/div><div class=\"cell\">0,5 ml\/mc<\/div><div class=\"cell\">120 min<\/div><div class=\"cell\">LOG 4,09<\/div><div class=\"cell\">17272<\/div><\/div>\n    <\/div>\n  <\/div>\n\n  <!-- BACTERICIDE 2 -->\n  <div class=\"group\">\n    <div class=\"group-label\">BACTERICIDA<\/div>\n    <div class=\"group-rows\">\n      <div class=\"table-row\"><div class=\"cell\">P. Aeruginosa<\/div><div class=\"cell\">0,5 ml\/mc<\/div><div class=\"cell\">120 min<\/div><div class=\"cell\">LOG 5,25*<\/div><div class=\"cell\">17272<\/div><\/div>\n    <\/div>\n  <\/div>\n\n  <!-- MYCOBACTERICIDE -->\n  <div class=\"group\">\n    <div class=\"group-label\">MICOBATERICIDA<\/div>\n    <div class=\"group-rows\">\n      <div class=\"table-row\"><div class=\"cell\">M. Terrae<\/div><div class=\"cell\">0,5 ml\/mc<\/div><div class=\"cell\">120 min<\/div><div class=\"cell\">LOG 5,21<\/div><div class=\"cell\">17272<\/div><\/div>\n      <div class=\"table-row\"><div class=\"cell\">M. Avium<\/div><div class=\"cell\">0,5 ml\/mc<\/div><div class=\"cell\">120 min<\/div><div class=\"cell\">LOG 4,72<\/div><div class=\"cell\">17272<\/div><\/div>\n    <\/div>\n  <\/div>\n\n  <!-- SUSPENSION TESTS -->\n  <div class=\"subsection\">Pruebas de suspensi\u00f3n<\/div>\n\n  <div class=\"group\">\n    <div class=\"group-label\">BACTERICIDA<\/div>\n    <div class=\"group-rows\">\n      <div class=\"table-row\"><div class=\"cell\">S. aureus ATCC 6538<\/div><div class=\"cell\">1%<\/div><div class=\"cell\">1 min<\/div><div class=\"cell\">LOG 5,44<\/div><div class=\"cell\">13727:2015<\/div><\/div>\n      <div class=\"table-row\"><div class=\"cell\">E. hirae ATCC 10541<\/div><div class=\"cell\">1%<\/div><div class=\"cell\">1 min<\/div><div class=\"cell\">LOG 5,25<\/div><div class=\"cell\">13727:2015<\/div><\/div>\n      <div class=\"table-row\"><div class=\"cell\">P. Aeruginosa ATCC 15442<\/div><div class=\"cell\">1%<\/div><div class=\"cell\">1 min<\/div><div class=\"cell\">LOG 5,23<\/div><div class=\"cell\">13727:2015<\/div><\/div>\n    <\/div>\n  <\/div>\n\n  <div class=\"group\">\n    <div class=\"group-label\">FUNGICIDA <br\/> LEVADURICIDA<\/div>\n    <div class=\"group-rows\">\n      <div class=\"table-row\"><div class=\"cell\">Candida Albicans<\/div><div class=\"cell\">1%<\/div><div class=\"cell\">1 min<\/div><div class=\"cell\">LOG 4,24<\/div><div class=\"cell\">13624:2021<\/div><\/div>\n      <div class=\"table-row\"><div class=\"cell\">Aspergillus brasiliensis<\/div><div class=\"cell\">1%<\/div><div class=\"cell\">1 min<\/div><div class=\"cell\">LOG 4,07<\/div><div class=\"cell\">13624:2021<\/div><\/div>\n    <\/div>\n  <\/div>\n\n  <div class=\"group\">\n    <div class=\"group-label\">ESPORICIDA<\/div>\n    <div class=\"group-rows\">\n      <div class=\"table-row\"><div class=\"cell\">Bacillus subtilis ATCC 6633<\/div><div class=\"cell\">10%<\/div><div class=\"cell\">1 min<\/div><div class=\"cell\">LOG 5,34<\/div><div class=\"cell\">17126:2019<\/div><\/div>\n      <div class=\"table-row\"><div class=\"cell\">Bacillus cereus cip 105151<\/div><div class=\"cell\">50%<\/div><div class=\"cell\">1 min<\/div><div class=\"cell\">LOG 5,34<\/div><div class=\"cell\">17126:2019<\/div><\/div>\n    <\/div>\n  <\/div>\n\n  <!-- TP3 -->\n  <div class=\"section-title\">Pruebas de nebulizaci\u00f3n TP3 (Veterinaria)<\/div>\n\n  <div class=\"group\">\n    <div class=\"group-label\">BACTERICIDA<\/div>\n    <div class=\"group-rows\">\n      <div class=\"table-row\"><div class=\"cell\">S. aureus ATCC 6538<\/div><div class=\"cell\">0,5 ml\/mc<\/div><div class=\"cell\">120 min<\/div><div class=\"cell\">LOG 7,27*<\/div><div class=\"cell\">17272<\/div><\/div>\n      <div class=\"table-row\"><div class=\"cell\">E. hirae ATCC 10541<\/div><div class=\"cell\">0,5 ml\/mc<\/div><div class=\"cell\">120 min<\/div><div class=\"cell\">LOG 6,82*<\/div><div class=\"cell\">17272<\/div><\/div>\n      <div class=\"table-row\"><div class=\"cell\">P. Aeruginosa ATCC 15442<\/div><div class=\"cell\">0,5 ml\/mc<\/div><div class=\"cell\">120 min<\/div><div class=\"cell\">LOG 8,09*<\/div><div class=\"cell\">17272<\/div><\/div>\n    <\/div>\n  <\/div>\n\n  <div class=\"group\">\n    <div class=\"group-label\">FUNGICIDA <br\/> LEVADURICIDA<\/div>\n    <div class=\"group-rows\">\n      <div class=\"table-row\"><div class=\"cell\">Candida Albicans ATCC 10231<\/div><div class=\"cell\">0,5 ml\/mc<\/div><div class=\"cell\">120 min<\/div><div class=\"cell\">LOG 5,96*<\/div><div class=\"cell\">17272<\/div><\/div>\n      <div class=\"table-row\"><div class=\"cell\">Aspergillus brasiliensis ATCC 16404<\/div><div class=\"cell\">0,5 ml\/mc<\/div><div class=\"cell\">120 min<\/div><div class=\"cell\">LOG 5,37*<\/div><div class=\"cell\">17272<\/div><\/div>\n    <\/div>\n  <\/div>\n\n  <div class=\"group\">\n    <div class=\"group-label\">MICOBATERICIDA<\/div>\n    <div class=\"group-rows\">\n      <div class=\"table-row\"><div class=\"cell\">M. Avium<\/div><div class=\"cell\">0,5 ml\/mc<\/div><div class=\"cell\">120 min<\/div><div class=\"cell\">LOG 6,38*<\/div><div class=\"cell\">17272<\/div><\/div>\n    <\/div>\n  <\/div>\n\n  <div class=\"group\">\n    <div class=\"group-label\">VIRUCIDA<\/div>\n    <div class=\"group-rows\">\n      <div class=\"table-row\"><div class=\"cell\">Sustituto de la peste porcina africana<\/div><div class=\"cell\">0,5 ml\/mc<\/div><div class=\"cell\">120 min<\/div><div class=\"cell\">LOG 4,06*<\/div><div class=\"cell\">17272<\/div><\/div>\n    <\/div>\n  <\/div>\n<\/div><\/div>\n<\/div>\n","protected":false},"excerpt":{"rendered":"<p>NebuloX Air RTU PAA Soluci\u00f3n desinfectante Desinfectante avanzado, seguro y ecol\u00f3gico El desinfectante NebuloX es el resultado de una extensa investigaci\u00f3n y pruebas, que combinan la innovaci\u00f3n con una eficacia probada. Esta formulaci\u00f3n biodegradable de alto rendimiento logra una eliminaci\u00f3n microbiana excepcional, a la vez que sigue siendo completamente segura para los usuarios y el [&hellip;]<\/p>\n","protected":false},"author":1,"featured_media":0,"parent":0,"menu_order":0,"comment_status":"closed","ping_status":"closed","template":"page-full.php","meta":{"footnotes":""},"class_list":["post-349","page","type-page","status-publish","hentry"],"_links":{"self":[{"href":"https:\/\/nebulox.ro\/es\/wp-json\/wp\/v2\/pages\/349","targetHints":{"allow":["GET"]}}],"collection":[{"href":"https:\/\/nebulox.ro\/es\/wp-json\/wp\/v2\/pages"}],"about":[{"href":"https:\/\/nebulox.ro\/es\/wp-json\/wp\/v2\/types\/page"}],"author":[{"embeddable":true,"href":"https:\/\/nebulox.ro\/es\/wp-json\/wp\/v2\/users\/1"}],"replies":[{"embeddable":true,"href":"https:\/\/nebulox.ro\/es\/wp-json\/wp\/v2\/comments?post=349"}],"version-history":[{"count":1,"href":"https:\/\/nebulox.ro\/es\/wp-json\/wp\/v2\/pages\/349\/revisions"}],"predecessor-version":[{"id":351,"href":"https:\/\/nebulox.ro\/es\/wp-json\/wp\/v2\/pages\/349\/revisions\/351"}],"wp:attachment":[{"href":"https:\/\/nebulox.ro\/es\/wp-json\/wp\/v2\/media?parent=349"}],"curies":[{"name":"wp","href":"https:\/\/api.w.org\/{rel}","templated":true}]}}