{"id":321,"date":"2025-10-28T14:13:15","date_gmt":"2025-10-28T14:13:15","guid":{"rendered":"https:\/\/nebulox.ro\/nebulo-v3-0-nebulizador\/"},"modified":"2025-11-26T09:03:29","modified_gmt":"2025-11-26T09:03:29","slug":"nebulo-v3-0-nebulizador","status":"publish","type":"page","link":"https:\/\/nebulox.ro\/es\/nebulo-v3-0-nebulizador\/","title":{"rendered":"Nebulo v3.0, nebulizador"},"content":{"rendered":"\n<div class=\"wp-block-columns hero-pagina2 is-layout-flex wp-container-core-columns-is-layout-9d6595d7 wp-block-columns-is-layout-flex\">\n<div class=\"wp-block-column container is-layout-flow wp-block-column-is-layout-flow\">\n<p class=\"titlu-pagina \">NebuloX V3.0 <\/p>\n\n\n\n<p class=\" titlu-2\">Sistema de desinfecci\u00f3n<\/p>\n<\/div>\n<\/div>\n\n<div class=\"wp-block-columns is-layout-flex wp-container-core-columns-is-layout-9d6595d7 wp-block-columns-is-layout-flex\"><\/div>\n\n<div class=\"wp-block-columns container is-layout-flex wp-container-core-columns-is-layout-9d6595d7 wp-block-columns-is-layout-flex\">\n<div class=\"wp-block-column container titlu-frogger is-layout-flow wp-block-column-is-layout-flow\">\n<div class=\"wp-block-columns titlu-frogger is-layout-flex wp-container-core-columns-is-layout-9d6595d7 wp-block-columns-is-layout-flex\">\n<div class=\"wp-block-column is-layout-flow wp-block-column-is-layout-flow\">\n<h2 class=\"wp-block-heading\">Especificaciones del equipo<\/h2>\n\n\n\n<h3 class=\"wp-block-heading\"><br\/>Nebulizador:<\/h3>\n\n\n\n<p><br\/>\u2022 270 mm x 300 mm x 330 mm.<br\/>\u2022 Carcasa de duraluminio pintada en campo electrost\u00e1tico con un peso de 6,3 kg o con carcasa de acero inoxidable con un peso de 11,4 kg.<br\/>\u2022 Duradero, resistente a los golpes.<\/p>\n\n\n\n<h3 class=\"wp-block-heading\"><br\/>Carro con soporte doble:<\/h3>\n\n\n\n<p><br\/>\u2022 600 mm x 400 mm x 1000 mm.<br\/>\u2022 Peso: 6,5 kg.<\/p>\n\n\n\n<h3 class=\"wp-block-heading\"><br\/>Requisitos de energ\u00eda<\/h3>\n\n\n\n<p><br\/>\u2022 10 A a 240 V 50 Hz.<br\/>\u2022 20 A a 120 V 60 Hz.<\/p>\n\n\n\n<h3 class=\"wp-block-heading\"><br\/>Volumen m\u00e1ximo de nebulizaci\u00f3n<\/h3>\n\n\n\n<p><br\/>\u2022 500 metros c\u00fabicos por procedimiento.<\/p>\n<\/div>\n\n\n\n<div class=\"wp-block-column is-layout-flow wp-block-column-is-layout-flow\">\n<h3 class=\"wp-block-heading\">Turbina<\/h3>\n\n\n\n<p><br\/>\u2022 Turbina centr\u00edfuga de alto rendimiento con una potencia m\u00e1xima de 1750 W a 240 V.<\/p>\n\n\n\n<h3 class=\"wp-block-heading\"><br\/>Sistema de dosificaci\u00f3n<\/h3>\n\n\n\n<p><br\/>\u2022 Bomba perist\u00e1ltica de alta precisi\u00f3n controlada electr\u00f3nicamente.<br\/>\u2022 B\u00e1scula de alta precisi\u00f3n incorporada para la medici\u00f3n y el control de la cantidad.<\/p>\n\n\n\n<h3 class=\"wp-block-heading\"><br\/>Sensores<\/h3>\n\n\n\n<p><br\/>\u2022 Sensores de temperatura y humedad.<br\/>\u2022 Sensor de compuestos vol\u00e1tiles + sensor de CO2.<br\/>\u2022 Sensor de difracci\u00f3n l\u00e1ser Honeywell para medir la distribuci\u00f3n del tama\u00f1o de las part\u00edculas (opcional).<br\/>\u2022 Sensor de concentraci\u00f3n de per\u00f3xido de hidr\u00f3geno Vaisala (opcional).<br\/>\u2022 Opci\u00f3n de instalar sensores adicionales para mediciones espec\u00edficas del entorno y ajustes precisos.<\/p>\n\n\n\n<h3 class=\"wp-block-heading\"><br\/>Interfaz<\/h3>\n\n\n\n<p><br\/>\u2022 Pantalla LCD t\u00e1ctil a color de 5 pulgadas<br\/><\/p>\n\n\n\n<h3 class=\"wp-block-heading\"><br\/>Comunicaciones<\/h3>\n\n\n\n<p><br\/>\u2022 Interfaz USB: para actualizaciones de software, diagn\u00f3sticos, descarga de datos y an\u00e1lisis de los par\u00e1metros de funcionamiento.<br\/>\u2022 M\u00f3dem WIFI \u2013 BLE \u2013 LTE.<\/p>\n<\/div>\n<\/div>\n<\/div>\n<\/div>\n","protected":false},"excerpt":{"rendered":"<p>NebuloX V3.0 Sistema de desinfecci\u00f3n Especificaciones del equipo Nebulizador: \u2022 270 mm x 300 mm x 330 mm.\u2022 Carcasa de duraluminio pintada en campo electrost\u00e1tico con un peso de 6,3 kg o con carcasa de acero inoxidable con un peso de 11,4 kg.\u2022 Duradero, resistente a los golpes. Carro con soporte doble: \u2022 600 mm [&hellip;]<\/p>\n","protected":false},"author":1,"featured_media":0,"parent":0,"menu_order":0,"comment_status":"closed","ping_status":"closed","template":"page-full.php","meta":{"footnotes":""},"class_list":["post-321","page","type-page","status-publish","hentry"],"_links":{"self":[{"href":"https:\/\/nebulox.ro\/es\/wp-json\/wp\/v2\/pages\/321","targetHints":{"allow":["GET"]}}],"collection":[{"href":"https:\/\/nebulox.ro\/es\/wp-json\/wp\/v2\/pages"}],"about":[{"href":"https:\/\/nebulox.ro\/es\/wp-json\/wp\/v2\/types\/page"}],"author":[{"embeddable":true,"href":"https:\/\/nebulox.ro\/es\/wp-json\/wp\/v2\/users\/1"}],"replies":[{"embeddable":true,"href":"https:\/\/nebulox.ro\/es\/wp-json\/wp\/v2\/comments?post=321"}],"version-history":[{"count":1,"href":"https:\/\/nebulox.ro\/es\/wp-json\/wp\/v2\/pages\/321\/revisions"}],"predecessor-version":[{"id":322,"href":"https:\/\/nebulox.ro\/es\/wp-json\/wp\/v2\/pages\/321\/revisions\/322"}],"wp:attachment":[{"href":"https:\/\/nebulox.ro\/es\/wp-json\/wp\/v2\/media?parent=321"}],"curies":[{"name":"wp","href":"https:\/\/api.w.org\/{rel}","templated":true}]}}