{"id":293,"date":"2025-10-28T14:04:39","date_gmt":"2025-10-28T14:04:39","guid":{"rendered":"https:\/\/nebulox.ro\/pagina-de-inicio\/"},"modified":"2025-11-25T14:45:07","modified_gmt":"2025-11-25T14:45:07","slug":"pagina-de-inicio","status":"publish","type":"page","link":"https:\/\/nebulox.ro\/es\/","title":{"rendered":"P\u00e1gina de inicio"},"content":{"rendered":"\n<div class=\"wp-block-columns hero-home is-layout-flex wp-container-core-columns-is-layout-9d6595d7 wp-block-columns-is-layout-flex\">\n<div class=\"wp-block-column container is-layout-flow wp-block-column-is-layout-flow\">\n<div class=\"wp-block-columns container hero-text is-layout-flex wp-container-core-columns-is-layout-9d6595d7 wp-block-columns-is-layout-flex\">\n<div class=\"wp-block-column is-layout-flow wp-block-column-is-layout-flow\" style=\"flex-basis:100%\">\n<p class=\"hero-text\">Descubra el sistema de desinfecci\u00f3n por nebulaci\u00f3n de espectro completo NebuloX<\/p>\n<\/div>\n<\/div>\n\n\n\n<div class=\"wp-block-columns hero-icons is-layout-flex wp-container-core-columns-is-layout-9d6595d7 wp-block-columns-is-layout-flex\">\n<div class=\"wp-block-column home-system is-layout-flow wp-block-column-is-layout-flow\" style=\"flex-basis:66.66%\">\n<div class=\"wp-block-columns home-icons is-layout-flex wp-container-core-columns-is-layout-9d6595d7 wp-block-columns-is-layout-flex\">\n<div class=\"wp-block-column is-layout-flow wp-block-column-is-layout-flow\">\n<figure class=\"wp-block-image size-full\"><a href=\"https:\/\/nebulox.ro\/nebulo-v3-0-fogger\/\"><img loading=\"lazy\" decoding=\"async\" width=\"297\" height=\"206\" src=\"https:\/\/nebulox.ro\/wp-content\/uploads\/2025\/11\/1.png\" alt=\"\" class=\"wp-image-90\"\/><\/a><\/figure>\n\n\n\n<p>Nebulizador<\/p>\n<\/div>\n\n\n\n<div class=\"wp-block-column is-layout-flow wp-block-column-is-layout-flow\">\n<figure class=\"wp-block-image size-full\"><a href=\"https:\/\/nebulox.ro\/nebulox-air-rtu-paa\/\"><img loading=\"lazy\" decoding=\"async\" width=\"308\" height=\"275\" src=\"https:\/\/nebulox.ro\/wp-content\/uploads\/2025\/11\/2.png\" alt=\"\" class=\"wp-image-91\" srcset=\"https:\/\/nebulox.ro\/wp-content\/uploads\/2025\/11\/2.png 308w, https:\/\/nebulox.ro\/wp-content\/uploads\/2025\/11\/2-300x268.png 300w\" sizes=\"auto, (max-width: 308px) 100vw, 308px\" \/><\/a><\/figure>\n\n\n\n<p>Desinfectante<\/p>\n<\/div>\n\n\n\n<div class=\"wp-block-column is-layout-flow wp-block-column-is-layout-flow\">\n<figure class=\"wp-block-image size-full\"><a href=\"https:\/\/nebulox.ro\/management-console\/\"><img loading=\"lazy\" decoding=\"async\" width=\"282\" height=\"232\" src=\"https:\/\/nebulox.ro\/wp-content\/uploads\/2025\/11\/3.png\" alt=\"\" class=\"wp-image-92\"\/><\/a><\/figure>\n\n\n\n<p>Aplicaci\u00f3n web para monitorizaci\u00f3n<\/p>\n<\/div>\n<\/div>\n<\/div>\n\n\n\n<div class=\"wp-block-column log7 is-layout-flow wp-block-column-is-layout-flow\" style=\"flex-basis:33.33%\">\n<figure class=\"wp-block-image size-full\"><img loading=\"lazy\" decoding=\"async\" width=\"743\" height=\"346\" src=\"https:\/\/nebulox.ro\/wp-content\/uploads\/2025\/11\/4.png\" alt=\"\" class=\"wp-image-93\" srcset=\"https:\/\/nebulox.ro\/wp-content\/uploads\/2025\/11\/4.png 743w, https:\/\/nebulox.ro\/wp-content\/uploads\/2025\/11\/4-300x140.png 300w\" sizes=\"auto, (max-width: 743px) 100vw, 743px\" \/><\/figure>\n<\/div>\n<\/div>\n\n\n\n<div class=\"wp-block-columns is-layout-flex wp-container-core-columns-is-layout-9d6595d7 wp-block-columns-is-layout-flex\">\n<div class=\"wp-block-column is-layout-flow wp-block-column-is-layout-flow\">\n<div class=\"hero-canvas-container\">\n        <canvas id=\"heroCanvas\"><\/canvas>\n    <\/div>\n<script>\nconst canvas = document.getElementById('heroCanvas');\nconst ctx = canvas.getContext('2d', { alpha: true });\n\nfunction resizeCanvas() {\n  canvas.width = canvas.offsetWidth;\n  canvas.height = canvas.offsetHeight;\n}\nresizeCanvas();\nwindow.addEventListener(\"resize\", resizeCanvas);\n\nclass Particle {\n  constructor() {\n    this.x = canvas.width - Math.random() * 300;\n    this.y = canvas.height - Math.random() * 300;\n    this.vx = -(Math.random() * 0.5 + 0.2);\n    this.vy = -(Math.random() * 0.5 + 0.2);\n    this.size = Math.random() * 0.8 + 0.2;\n    this.life = 100;\n  }\n\n  update() {\n    this.x += this.vx;\n    this.y += this.vy;\n    this.life--;\n  }\n\n  draw() {\n    ctx.beginPath();\n    ctx.arc(this.x, this.y, this.size, 0, Math.PI * 2);\n    ctx.fillStyle = \"rgba(180,220,255,0.7)\";\n    ctx.fill();\n  }\n}\n\nconst particles = [];\n\nfunction loop() {\n  ctx.clearRect(0, 0, canvas.width, canvas.height);\n\n  if (particles.length < 300) {\n    particles.push(new Particle());\n  }\n\n  for (let i = particles.length - 1; i >= 0; i--) {\n    const p = particles[i];\n    p.update();\n    p.draw();\n    if (p.life <= 0) particles.splice(i, 1);\n  }\n\n  requestAnimationFrame(loop);\n}\n\nloop();\n<\/script>\n<\/div>\n<\/div>\n<\/div>\n<\/div>\n\n<div class=\"wp-block-columns container is-layout-flex wp-container-core-columns-is-layout-9d6595d7 wp-block-columns-is-layout-flex\">\n<div class=\"wp-block-column container titlu-frogger is-layout-flow wp-block-column-is-layout-flow\">\n<p class=\"paragraf-articol\">Nuestro nebulizador de desinfecci\u00f3n de \u00faltima generaci\u00f3n est\u00e1 construido con ingenier\u00eda de precisi\u00f3n y componentes de primera calidad seleccionados por su fiabilidad y rendimiento. Cada detalle, desde su dise\u00f1o ergon\u00f3mico hasta su avanzado control del flujo de aire, garantiza una distribuci\u00f3n \u00f3ptima de las part\u00edculas. Con una tecnolog\u00eda de dispersi\u00f3n patentada, el sistema proporciona part\u00edculas uniformes y ultrafinas que maximizan la cobertura de la superficie y la eficacia de la desinfecci\u00f3n, al tiempo que minimizan los residuos.  <\/p>\n\n\n\n<h2 class=\"wp-block-heading\">Sistema de nebulizaci\u00f3n de ingenier\u00eda de precisi\u00f3n<\/h2>\n\n\n\n<p>La nueva version de NebuloX v3.0 aporta mejoras en la calidad y la dosificaci\u00f3n de la soluci\u00f3n desinfectante. El contenedor de desinfectante se coloca en un compartimento adyacente para<br\/>Protegerse contra el calor generado por la turbine nebulizadora, mientras que el sistema de<br\/>Dosificaci\u00f3n mide y regulatanto el flujo volum\u00e9trico como la masa del desinfectante puesto en consumo. <\/p>\n\n\n\n<p>Sistema de desinfecci\u00f3n NebuloXV3.0 <br\/>El nebulizador y la soluci\u00f3n desinfectante est\u00e1n montados en un carro ligero y compacto, y todo el sistema puede ser operado por cualquier usuario, sin capacitaci\u00f3n especial.<br\/>Los datos almacenados porelequipo se sincronizan con la aplicaci\u00f3n web, lo que permite a los usuarios autorizados generar informes y recibir notificaciones y alertas, para una monitorizaci\u00f3n precisa en tiempo real y la trazabilidad de todo el proceso. <\/p>\n\n\n\n<p><br\/><\/p>\n\n\n\n<div class=\"wp-block-columns titlu-frogger is-layout-flex wp-container-core-columns-is-layout-9d6595d7 wp-block-columns-is-layout-flex\">\n<div class=\"wp-block-column is-layout-flow wp-block-column-is-layout-flow\">\n<h3 class=\"wp-block-heading\">Eficiencia y cumplimiento<\/h3>\n\n\n\n<p class=\"paragraf-articol\">\u2022 Probado seg\u00fan EN17272:2020 (espectro complete de pat\u00f3genos).<br\/>\u2022 Reducci\u00f3n hasta Log7 consolo 0.5ml\/mc.<\/p>\n\n\n\n<h3 class=\"wp-block-heading\">Seguridad, trazabilidad y control<\/h3>\n\n\n\n<p class=\"paragraf-articol\">\u00b7 Interfaz RFID: autentica par\u00e1metros como el usuario, la fecha y hora de nebulizaci\u00f3n, la ubicaci\u00f3n, el tipo de soluci\u00f3n, el volumen de la habitaci\u00f3n, etc.<br\/>\u2022 Dispone de un sistema de protecci\u00f3n f\u00edsica que detecta la apertura no autorizada de la carcasa, asegurando que todos los componentes est\u00e9n operativos.<br\/>\u2022Comprueba la composici\u00f3n del aire en tiempo real.<br\/>\u2022 Desconexi\u00f3n de seguridad: comprueba la presencia de compuestos vol\u00e1tiles y peligrosos.<br\/>\u2022 La aplicaci\u00f3n web proporciona monitorizaci\u00f3n y notificaci\u00f3n en tiempo real.<\/p>\n\n\n\n<h3 class=\"wp-block-heading\">Ecol\u00f3gico<\/h3>\n\n\n\n<p class=\"paragraf-articol\">\u2022 Sin residuos qu\u00edmicos.<br\/>\u2022 F\u00f3rmula biocida de alta eficacia, que reduce dr\u00e1sticamente los residuos m\u00e9dicos.<br\/>\u2022 Seguro para el personal y el medio ambiente, cumpliendo con las instrucciones de la ficha de datos de seguridad y la ficha de seguridad.<\/p>\n<\/div>\n<\/div>\n<\/div>\n<\/div>\n","protected":false},"excerpt":{"rendered":"<p>Descubra el sistema de desinfecci\u00f3n por nebulaci\u00f3n de espectro completo NebuloX Nebulizador Desinfectante Aplicaci\u00f3n web para monitorizaci\u00f3n Nuestro nebulizador de desinfecci\u00f3n de \u00faltima generaci\u00f3n est\u00e1 construido con ingenier\u00eda de precisi\u00f3n y componentes de primera calidad seleccionados por su fiabilidad y rendimiento. Cada detalle, desde su dise\u00f1o ergon\u00f3mico hasta su avanzado control del flujo de aire, [&hellip;]<\/p>\n","protected":false},"author":1,"featured_media":0,"parent":0,"menu_order":0,"comment_status":"closed","ping_status":"closed","template":"page-full.php","meta":{"footnotes":""},"class_list":["post-293","page","type-page","status-publish","hentry"],"_links":{"self":[{"href":"https:\/\/nebulox.ro\/es\/wp-json\/wp\/v2\/pages\/293","targetHints":{"allow":["GET"]}}],"collection":[{"href":"https:\/\/nebulox.ro\/es\/wp-json\/wp\/v2\/pages"}],"about":[{"href":"https:\/\/nebulox.ro\/es\/wp-json\/wp\/v2\/types\/page"}],"author":[{"embeddable":true,"href":"https:\/\/nebulox.ro\/es\/wp-json\/wp\/v2\/users\/1"}],"replies":[{"embeddable":true,"href":"https:\/\/nebulox.ro\/es\/wp-json\/wp\/v2\/comments?post=293"}],"version-history":[{"count":1,"href":"https:\/\/nebulox.ro\/es\/wp-json\/wp\/v2\/pages\/293\/revisions"}],"predecessor-version":[{"id":296,"href":"https:\/\/nebulox.ro\/es\/wp-json\/wp\/v2\/pages\/293\/revisions\/296"}],"wp:attachment":[{"href":"https:\/\/nebulox.ro\/es\/wp-json\/wp\/v2\/media?parent=293"}],"curies":[{"name":"wp","href":"https:\/\/api.w.org\/{rel}","templated":true}]}}