{"id":361,"date":"2025-10-28T14:13:41","date_gmt":"2025-10-28T14:13:41","guid":{"rendered":"https:\/\/nebulox.ro\/nebulox-air-rtu-paa\/"},"modified":"2025-12-02T08:45:55","modified_gmt":"2025-12-02T08:45:55","slug":"nebulox-air-rtu-paa","status":"publish","type":"page","link":"https:\/\/nebulox.ro\/de\/nebulox-air-rtu-paa\/","title":{"rendered":"NebuloX Air RTU PAA"},"content":{"rendered":"\n<div class=\"wp-block-columns hero-pagina3 is-layout-flex wp-container-core-columns-is-layout-9d6595d7 wp-block-columns-is-layout-flex\">\n<div class=\"wp-block-column container is-layout-flow wp-block-column-is-layout-flow\">\n<p class=\"titlu-pagina\">NebuloX Air RTU PAA <\/p>\n\n\n\n<p class=\" titlu-2\">Desinfektionsl\u00f6sung<\/p>\n<\/div>\n<\/div>\n\n<div class=\"wp-block-columns container is-layout-flex wp-container-core-columns-is-layout-9d6595d7 wp-block-columns-is-layout-flex\">\n<div class=\"wp-block-column titlu-frogger is-layout-flow wp-block-column-is-layout-flow\">\n<h2 class=\"wp-block-heading\">Fortschrittliches, sicheres und umweltfreundliches Desinfektionsmittel<\/h2>\n\n\n\n<p>Das NebuloX-Desinfektionsmittel ist das Ergebnis umfangreicher Forschung und Tests, das Innovation mit nachgewiesener Wirksamkeit verbindet. Diese leistungsstarke, biologisch abbaubare Formulierung erzielt eine au\u00dfergew\u00f6hnliche mikrobielle Beseitigung und bleibt gleichzeitig f\u00fcr Anwender und Umwelt v\u00f6llig unbedenklich. Es wurde f\u00fcr maximale Materialvertr\u00e4glichkeit entwickelt und umfassend gegen eine Vielzahl von Oberfl\u00e4chen und Ger\u00e4ten in Krankenh\u00e4usern getestet, um langfristige Sicherheit und Zuverl\u00e4ssigkeit zu gew\u00e4hrleisten.  <\/p>\n\n\n\n<p>Unser gebrauchsfertiges Desinfektionsmittel bietet eine hochwirksame Raumdesinfektion in der Luft in \u00f6ffentlichen Geb\u00e4uden, einschlie\u00dflich medizinischer Einrichtungen, Tierkliniken, landwirtschaftlicher Betriebe, Einrichtungen der Lebensmittelindustrie und landwirtschaftlicher Einheiten, und deckt die Anwendungsbereiche TP2, TP3 und TP4 ab.<\/p>\n\n\n\n<p class=\"paragraf-articol\">Vertr\u00e4glichkeitstests, die bei Eurofins EAG Materials Science in den Niederlanden durchgef\u00fchrt wurden, zeigen, dass unsere Formulierung f\u00fcr die meisten Materialien, die in diesen Umgebungen h\u00e4ufig vorkommen, einschlie\u00dflich Metalle, Kunststoffe und elektronische Komponenten, sicher ist.<br\/>Au\u00dferdem hinterl\u00e4sst unsere hochwirksame Biozid-Formel keine chemischen R\u00fcckst\u00e4nde und ist f\u00fcr Personal und Umwelt v\u00f6llig ungef\u00e4hrlich<\/p>\n\n\n\n<div class=\"wp-block-columns is-layout-flex wp-container-core-columns-is-layout-9d6595d7 wp-block-columns-is-layout-flex\">\n<div class=\"wp-block-column is-layout-flow wp-block-column-is-layout-flow\">\n<h2 class=\"wp-block-heading\">Kategorie<\/h2>\n\n\n\n<p><br\/>\u2022 Chemische Desinfektionsmittel und Antiseptika.<\/p>\n\n\n\n<h2 class=\"wp-block-heading\"><br\/>Gruppe<\/h2>\n\n\n\n<p><br\/>\u2022 1 &#8211; Desinfektionsmittel, die nicht f\u00fcr die direkte Anwendung auf Menschen oder Tiere bestimmt sind.<br\/>Produktart<br\/>\u2022 TP2, TP3, TP4.<\/p>\n\n\n\n<h2 class=\"wp-block-heading\"><br\/>Verwendung<\/h2>\n\n\n\n<p><br\/>\u2022 Raumdesinfektion in der Luft.<br\/>\u2022 Nur zur Verwendung mit dem NebuloX V3.0-Verneblerger\u00e4t.<\/p>\n\n\n\n<h2 class=\"wp-block-heading\"><br\/>Wirkstoff<\/h2>\n\n\n\n<p><br\/>\u2022 Wasserstoffperoxid (CAS 7722-84-1; EG 231-765-0).<br\/>\u2022 Peressigs\u00e4ure (CAS 79-21-0; EG 201-186-8).<br\/>\u2022 Didecyldimethylammoniumchlorid (DDAC (C8-10)) (68424-95-3).<\/p>\n<\/div>\n\n\n\n<div class=\"wp-block-column is-layout-flow wp-block-column-is-layout-flow\">\n<h2 class=\"wp-block-heading\">Vernebelungsprozess<\/h2>\n\n\n\n<p><br\/>\u2022 Mit NebuloX V3.0-Nebelger\u00e4t, ca. 500 Kubikmeter\/Vorgang\/Nebelger\u00e4t. <\/p>\n\n\n\n<h2 class=\"wp-block-heading\"><br\/>Konditionierung<\/h2>\n\n\n\n<p><br\/>\u2022 Gebrauchsfertig.<\/p>\n\n\n\n<h2 class=\"wp-block-heading\"><br\/>Pakete<\/h2>\n\n\n\n<p><br\/>\u2022 1-Liter-Flasche, mit versiegeltem, mit Ventil ausgestattetem Verschluss.<br\/>Karton mit 6 x 1-Liter-Flasche.<\/p>\n\n\n\n<h2 class=\"wp-block-heading\"><br\/>Lagerung<\/h2>\n\n\n\n<p><br\/>\u2022 5 &#8211; 25\u00b0C, in bel\u00fcfteten R\u00e4umen, Sonneneinstrahlung vermeiden.<br\/>Haltbarkeit (unter den oben genannten Lagerbedingungen):<br\/>\u2022 12 Monate ab Herstellungsdatum (versiegelt); 30 Tage ab \u00d6ffnung.<\/p>\n<\/div>\n<\/div>\n<\/div>\n<\/div>\n\n<div class=\"wp-block-columns container titlu-frogger is-layout-flex wp-container-core-columns-is-layout-9d6595d7 wp-block-columns-is-layout-flex\">\n<div class=\"wp-block-column is-layout-flow wp-block-column-is-layout-flow\">\n<h2 class=\"wp-block-heading\">Tests zur Wirksamkeit gegen Krankheitserreger<\/h2>\n\n\n\n<div class=\"table\">\n\n  <!-- Header -->\n  <div class=\"table-header\">\n    <div class=\"cell\">Test<\/div>\n    <div class=\"cell\">Organismus<\/div>\n    <div class=\"cell\">Konzentration<\/div>\n    <div class=\"cell\">Kontaktzeit<\/div>\n    <div class=\"cell\">Ergebnis<\/div>\n    <div class=\"cell\">Standard<\/div>\n  <\/div>\n\n  <!-- Section 1 -->\n  <div class=\"section-title\">Vernebelungstests TP2+TP4 (Medizin, Gewerbe, Lebensmittel)<\/div>\n\n  <!-- BACTERICIDE -->\n  <div class=\"group\">\n    <div class=\"group-label\">BAKTERIZID<\/div>\n    <div class=\"group-rows\">\n      <div class=\"table-row\"><div class=\"cell\">S. aureus ATCC 6538<\/div><div class=\"cell\">0,5 ml\/mc<\/div><div class=\"cell\">120 min<\/div><div class=\"cell\">LOG 5,68*<\/div><div class=\"cell\">17272<\/div><\/div>\n      <div class=\"table-row\"><div class=\"cell\">E. hirae ATCC 10541<\/div><div class=\"cell\">0,5 ml\/mc<\/div><div class=\"cell\">120 min<\/div><div class=\"cell\">LOG 5,72*<\/div><div class=\"cell\">17272<\/div><\/div>\n      <div class=\"table-row\"><div class=\"cell\">E. coli ATCC 10536<\/div><div class=\"cell\">0,5 ml\/mc<\/div><div class=\"cell\">120 min<\/div><div class=\"cell\">LOG 5,44*<\/div><div class=\"cell\">17272<\/div><\/div>\n      <div class=\"table-row\"><div class=\"cell\">A. baumannii ATCC 19606<\/div><div class=\"cell\">0,5 ml\/mc<\/div><div class=\"cell\">120 min<\/div><div class=\"cell\">LOG 5,77*<\/div><div class=\"cell\">17272<\/div><\/div>\n    <\/div>\n  <\/div>\n\n  <!-- DISTRIBUTION -->\n  <div class=\"group\">\n    <div class=\"group-label\">VERTEILUNG<\/div>\n    <div class=\"group-rows\">\n      <div class=\"table-row\"><div class=\"cell\">S. aureus ATCC 6538<\/div><div class=\"cell\">0,5 ml\/mc<\/div><div class=\"cell\">120 min<\/div><div class=\"cell\">LOG 6,20*<\/div><div class=\"cell\">17272<\/div><\/div>\n      <div class=\"table-row\"><div class=\"cell\"><\/div><div class=\"cell\"><\/div><div class=\"cell\"><\/div><div class=\"cell\">LOG 6,17*<\/div><div class=\"cell\">17272<\/div><\/div>\n      <div class=\"table-row\"><div class=\"cell\"><\/div><div class=\"cell\"><\/div><div class=\"cell\"><\/div><div class=\"cell\">LOG 7,10*<\/div><div class=\"cell\">17272<\/div><\/div>\n      <div class=\"table-row\"><div class=\"cell\"><\/div><div class=\"cell\"><\/div><div class=\"cell\"><\/div><div class=\"cell\">LOG 7,40*<\/div><div class=\"cell\">17272<\/div><\/div>\n    <\/div>\n  <\/div>\n\n  <!-- SPORICIDE -->\n  <div class=\"group\">\n    <div class=\"group-label\">SPORIZID<\/div>\n    <div class=\"group-rows\">\n      <div class=\"table-row\"><div class=\"cell\">B. spizizienii (fost subtilis) ATCC 6633<\/div><div class=\"cell\">0,5 ml\/mc<\/div><div class=\"cell\">120 min<\/div><div class=\"cell\">LOG 6,29*<\/div><div class=\"cell\">17272<\/div><\/div>\n    <\/div>\n  <\/div>\n\n  <!-- VIRUCIDE -->\n  <div class=\"group\">\n    <div class=\"group-label\">VIRUZID<\/div>\n    <div class=\"group-rows\">\n      <div class=\"table-row\"><div class=\"cell\">Adenovirus<\/div><div class=\"cell\">0,5 ml\/mc<\/div><div class=\"cell\">120 min<\/div><div class=\"cell\">LOG 4,08<\/div><div class=\"cell\">17272<\/div><\/div>\n      <div class=\"table-row\"><div class=\"cell\">Norovirus<\/div><div class=\"cell\">0,5 ml\/mc<\/div><div class=\"cell\">120 min<\/div><div class=\"cell\">LOG 4,16<\/div><div class=\"cell\">17272<\/div><\/div>\n    <\/div>\n  <\/div>\n\n  <!-- YEASTICIDAL -->\n  <div class=\"group\">\n    <div class=\"group-label\">HEFEWIRKSAM<\/div>\n    <div class=\"group-rows\">\n      <div class=\"table-row\"><div class=\"cell\">Candida Albicans<\/div><div class=\"cell\">0,5 ml\/mc<\/div><div class=\"cell\">120 min<\/div><div class=\"cell\">LOG 4,84<\/div><div class=\"cell\">17272<\/div><\/div>\n      <div class=\"table-row\"><div class=\"cell\">Candida Auris<\/div><div class=\"cell\">0,5 ml\/mc<\/div><div class=\"cell\">120 min<\/div><div class=\"cell\">LOG 4,09<\/div><div class=\"cell\">17272<\/div><\/div>\n    <\/div>\n  <\/div>\n\n  <!-- BACTERICIDE 2 -->\n  <div class=\"group\">\n    <div class=\"group-label\">BAKTERIZID<\/div>\n    <div class=\"group-rows\">\n      <div class=\"table-row\"><div class=\"cell\">P. Aeruginosa<\/div><div class=\"cell\">0,5 ml\/mc<\/div><div class=\"cell\">120 min<\/div><div class=\"cell\">LOG 5,25*<\/div><div class=\"cell\">17272<\/div><\/div>\n    <\/div>\n  <\/div>\n\n  <!-- MYCOBACTERICIDE -->\n  <div class=\"group\">\n    <div class=\"group-label\">MYKOBAKTERIZID<\/div>\n    <div class=\"group-rows\">\n      <div class=\"table-row\"><div class=\"cell\">M. Terrae<\/div><div class=\"cell\">0,5 ml\/mc<\/div><div class=\"cell\">120 min<\/div><div class=\"cell\">LOG 5,21<\/div><div class=\"cell\">17272<\/div><\/div>\n      <div class=\"table-row\"><div class=\"cell\">M. Avium<\/div><div class=\"cell\">0,5 ml\/mc<\/div><div class=\"cell\">120 min<\/div><div class=\"cell\">LOG 4,72<\/div><div class=\"cell\">17272<\/div><\/div>\n    <\/div>\n  <\/div>\n\n  <!-- SUSPENSION TESTS -->\n  <div class=\"subsection\">Suspensionstests<\/div>\n\n  <div class=\"group\">\n    <div class=\"group-label\">BAKTERIZID<\/div>\n    <div class=\"group-rows\">\n      <div class=\"table-row\"><div class=\"cell\">S. aureus ATCC 6538<\/div><div class=\"cell\">1%<\/div><div class=\"cell\">1 min<\/div><div class=\"cell\">LOG 5,44<\/div><div class=\"cell\">13727:2015<\/div><\/div>\n      <div class=\"table-row\"><div class=\"cell\">E. hirae ATCC 10541<\/div><div class=\"cell\">1%<\/div><div class=\"cell\">1 min<\/div><div class=\"cell\">LOG 5,25<\/div><div class=\"cell\">13727:2015<\/div><\/div>\n      <div class=\"table-row\"><div class=\"cell\">P. Aeruginosa ATCC 15442<\/div><div class=\"cell\">1%<\/div><div class=\"cell\">1 min<\/div><div class=\"cell\">LOG 5,23<\/div><div class=\"cell\">13727:2015<\/div><\/div>\n    <\/div>\n  <\/div>\n\n  <div class=\"group\">\n    <div class=\"group-label\">FUNGIZID <br\/> HEFEWIRKSAM<\/div>\n    <div class=\"group-rows\">\n      <div class=\"table-row\"><div class=\"cell\">Candida Albicans<\/div><div class=\"cell\">1%<\/div><div class=\"cell\">1 min<\/div><div class=\"cell\">LOG 4,24<\/div><div class=\"cell\">13624:2021<\/div><\/div>\n      <div class=\"table-row\"><div class=\"cell\">Aspergillus brasiliensis<\/div><div class=\"cell\">1%<\/div><div class=\"cell\">1 min<\/div><div class=\"cell\">LOG 4,07<\/div><div class=\"cell\">13624:2021<\/div><\/div>\n    <\/div>\n  <\/div>\n\n  <div class=\"group\">\n    <div class=\"group-label\">SPORIZID<\/div>\n    <div class=\"group-rows\">\n      <div class=\"table-row\"><div class=\"cell\">Bacillus subtilis ATCC 6633<\/div><div class=\"cell\">10%<\/div><div class=\"cell\">1 min<\/div><div class=\"cell\">LOG 5,34<\/div><div class=\"cell\">17126:2019<\/div><\/div>\n      <div class=\"table-row\"><div class=\"cell\">Bacillus cereus cip 105151<\/div><div class=\"cell\">50%<\/div><div class=\"cell\">1 min<\/div><div class=\"cell\">LOG 5,34<\/div><div class=\"cell\">17126:2019<\/div><\/div>\n    <\/div>\n  <\/div>\n\n  <!-- TP3 -->\n  <div class=\"section-title\">Vernebelungstests TP3 (Veterin\u00e4rmedizin)<\/div>\n\n  <div class=\"group\">\n    <div class=\"group-label\">BAKTERIZID<\/div>\n    <div class=\"group-rows\">\n      <div class=\"table-row\"><div class=\"cell\">S. aureus ATCC 6538<\/div><div class=\"cell\">0,5 ml\/mc<\/div><div class=\"cell\">120 min<\/div><div class=\"cell\">LOG 7,27*<\/div><div class=\"cell\">17272<\/div><\/div>\n      <div class=\"table-row\"><div class=\"cell\">E. hirae ATCC 10541<\/div><div class=\"cell\">0,5 ml\/mc<\/div><div class=\"cell\">120 min<\/div><div class=\"cell\">LOG 6,82*<\/div><div class=\"cell\">17272<\/div><\/div>\n      <div class=\"table-row\"><div class=\"cell\">P. Aeruginosa ATCC 15442<\/div><div class=\"cell\">0,5 ml\/mc<\/div><div class=\"cell\">120 min<\/div><div class=\"cell\">LOG 8,09*<\/div><div class=\"cell\">17272<\/div><\/div>\n    <\/div>\n  <\/div>\n\n  <div class=\"group\">\n    <div class=\"group-label\">FUNGIZID <br\/> HEFEWIRKSAM<\/div>\n    <div class=\"group-rows\">\n      <div class=\"table-row\"><div class=\"cell\">Candida Albicans ATCC 10231<\/div><div class=\"cell\">0,5 ml\/mc<\/div><div class=\"cell\">120 min<\/div><div class=\"cell\">LOG 5,96*<\/div><div class=\"cell\">17272<\/div><\/div>\n      <div class=\"table-row\"><div class=\"cell\">Aspergillus brasiliensis ATCC 16404<\/div><div class=\"cell\">0,5 ml\/mc<\/div><div class=\"cell\">120 min<\/div><div class=\"cell\">LOG 5,37*<\/div><div class=\"cell\">17272<\/div><\/div>\n    <\/div>\n  <\/div>\n\n  <div class=\"group\">\n    <div class=\"group-label\">MYKOBAKTERIZID<\/div>\n    <div class=\"group-rows\">\n      <div class=\"table-row\"><div class=\"cell\">M. Avium<\/div><div class=\"cell\">0,5 ml\/mc<\/div><div class=\"cell\">120 min<\/div><div class=\"cell\">LOG 6,38*<\/div><div class=\"cell\">17272<\/div><\/div>\n    <\/div>\n  <\/div>\n\n  <div class=\"group\">\n    <div class=\"group-label\">VIRUZID<\/div>\n    <div class=\"group-rows\">\n      <div class=\"table-row\"><div class=\"cell\">Afrikanische Schweinepest Surrogate<\/div><div class=\"cell\">0,5 ml\/mc<\/div><div class=\"cell\">120 min<\/div><div class=\"cell\">LOG 4,06*<\/div><div class=\"cell\">17272<\/div><\/div>\n    <\/div>\n  <\/div>\n<\/div><\/div>\n<\/div>\n","protected":false},"excerpt":{"rendered":"<p>NebuloX Air RTU PAA Desinfektionsl\u00f6sung Fortschrittliches, sicheres und umweltfreundliches Desinfektionsmittel Das NebuloX-Desinfektionsmittel ist das Ergebnis umfangreicher Forschung und Tests, das Innovation mit nachgewiesener Wirksamkeit verbindet. Diese leistungsstarke, biologisch abbaubare Formulierung erzielt eine au\u00dfergew\u00f6hnliche mikrobielle Beseitigung und bleibt gleichzeitig f\u00fcr Anwender und Umwelt v\u00f6llig unbedenklich. Es wurde f\u00fcr maximale Materialvertr\u00e4glichkeit entwickelt und umfassend gegen eine Vielzahl [&hellip;]<\/p>\n","protected":false},"author":1,"featured_media":0,"parent":0,"menu_order":0,"comment_status":"closed","ping_status":"closed","template":"page-full.php","meta":{"footnotes":""},"class_list":["post-361","page","type-page","status-publish","hentry"],"_links":{"self":[{"href":"https:\/\/nebulox.ro\/de\/wp-json\/wp\/v2\/pages\/361","targetHints":{"allow":["GET"]}}],"collection":[{"href":"https:\/\/nebulox.ro\/de\/wp-json\/wp\/v2\/pages"}],"about":[{"href":"https:\/\/nebulox.ro\/de\/wp-json\/wp\/v2\/types\/page"}],"author":[{"embeddable":true,"href":"https:\/\/nebulox.ro\/de\/wp-json\/wp\/v2\/users\/1"}],"replies":[{"embeddable":true,"href":"https:\/\/nebulox.ro\/de\/wp-json\/wp\/v2\/comments?post=361"}],"version-history":[{"count":1,"href":"https:\/\/nebulox.ro\/de\/wp-json\/wp\/v2\/pages\/361\/revisions"}],"predecessor-version":[{"id":363,"href":"https:\/\/nebulox.ro\/de\/wp-json\/wp\/v2\/pages\/361\/revisions\/363"}],"wp:attachment":[{"href":"https:\/\/nebulox.ro\/de\/wp-json\/wp\/v2\/media?parent=361"}],"curies":[{"name":"wp","href":"https:\/\/api.w.org\/{rel}","templated":true}]}}