{"id":343,"date":"2025-10-28T14:13:15","date_gmt":"2025-10-28T14:13:15","guid":{"rendered":"https:\/\/nebulox.ro\/nebulo-v3-0-vernebler\/"},"modified":"2025-11-28T13:59:19","modified_gmt":"2025-11-28T13:59:19","slug":"nebulo-v3-0-vernebler","status":"publish","type":"page","link":"https:\/\/nebulox.ro\/de\/nebulo-v3-0-vernebler\/","title":{"rendered":"Nebulo v3.0 Vernebler"},"content":{"rendered":"\n<div class=\"wp-block-columns hero-pagina2 is-layout-flex wp-container-core-columns-is-layout-9d6595d7 wp-block-columns-is-layout-flex\">\n<div class=\"wp-block-column container is-layout-flow wp-block-column-is-layout-flow\">\n<p class=\"titlu-pagina \">NebuloX V3.0 <\/p>\n\n\n\n<p class=\" titlu-2\">Desinfektionssystem<\/p>\n<\/div>\n<\/div>\n\n<div class=\"wp-block-columns is-layout-flex wp-container-core-columns-is-layout-9d6595d7 wp-block-columns-is-layout-flex\"><\/div>\n\n<div class=\"wp-block-columns container is-layout-flex wp-container-core-columns-is-layout-9d6595d7 wp-block-columns-is-layout-flex\">\n<div class=\"wp-block-column container titlu-frogger is-layout-flow wp-block-column-is-layout-flow\">\n<div class=\"wp-block-columns titlu-frogger is-layout-flex wp-container-core-columns-is-layout-9d6595d7 wp-block-columns-is-layout-flex\">\n<div class=\"wp-block-column is-layout-flow wp-block-column-is-layout-flow\">\n<h2 class=\"wp-block-heading\">Technische Daten der Ausr\u00fcstung<\/h2>\n\n\n\n<h3 class=\"wp-block-heading\"><br\/>Nebulizer:<\/h3>\n\n\n\n<p><br\/>\u2022 270 mm x 300 mm x 330 mm.<br\/>\u2022 \u2022 6,3 kg pulverbeschichtetes <br\/>\u2022 Aluminiumgeh\u00e4use oder 11,4 kg <br\/><br\/><br\/>\u2022 Edelstahlgeh\u00e4use langlebig, sto\u00dffest.<\/p>\n\n\n\n<h3 class=\"wp-block-heading\"><br\/>Wagen mit Doppelst\u00fctze:<\/h3>\n\n\n\n<p><br\/>\u2022 Gr\u00f6\u00dfe: 600 mm x 400 mm x 1000 mm.<br\/>\u2022 Gewicht: 6,5 kg.<\/p>\n\n\n\n<h3 class=\"wp-block-heading\"><br\/>Strombedarf<\/h3>\n\n\n\n<p><br\/>\u2022 10 A bei 240 V 50 Hz.<br\/>\u2022 20 A bei 120 V 60 Hz.<\/p>\n\n\n\n<h3 class=\"wp-block-heading\"><br\/>Maximales Behandlungsvolumen<\/h3>\n\n\n\n<p><br\/>\u2022 500 Kubikmeter pro Verfahren.<\/p>\n<\/div>\n\n\n\n<div class=\"wp-block-column is-layout-flow wp-block-column-is-layout-flow\">\n<h3 class=\"wp-block-heading\">Turbine<\/h3>\n\n\n\n<p><br\/>\u2022 Hochleistungs-Radialturbine mit einer Spitzenleistung von 1750 W bei 240 V.<\/p>\n\n\n\n<h3 class=\"wp-block-heading\"><br\/>Dosiersystem<\/h3>\n\n\n\n<p><br\/>\u2022 Hochpr\u00e4zise, elektronisch gesteuerte Peristaltikpumpe.<br\/>\u2022 Eingebaute Pr\u00e4zisionswaage zur Mengenmessung und kontrolle<\/p>\n\n\n\n<h3 class=\"wp-block-heading\"><br\/>Sensoren<\/h3>\n\n\n\n<p><br\/>\u2022 Temperatur- und Feuchtigkeitssensoren.<br\/>\u2022 Sensor f\u00fcr fl\u00fcchtige Verbindungen + CO2.<br\/>\u2022 Honeywell-Laserbeugungs-Partikelgr\u00f6\u00dfenmessger\u00e4t (optional).<br\/>\u2022 \u2022 Vaisala-Sensor zur Messung der WasserstoAperoxidkonzentrati on (optional<br\/>\u2022 Es besteht die M\u00f6glichkeit, zus\u00e4tzliche Sensoren f\u00fcr spezifische Umgebungsmessungen und Feinabsti mmungen zu installieren.<\/p>\n\n\n\n<h3 class=\"wp-block-heading\"><br\/>Benutzeroberfl\u00e4che<\/h3>\n\n\n\n<p><br\/>\u2022 \u2022 5-Zoll-LCD-Farb-Touchscreen-Oberfl\u00e4che.<\/p>\n\n\n\n<h3 class=\"wp-block-heading\"><br\/>Kommunikation<\/h3>\n\n\n\n<p><br\/>\u2022 USB-Schnittstelle: f\u00fcr Software-Updates,Diagnosen, Datendownload und Analyse der Betriebsparameter<br\/>\u2022 WIFI \u2013 BLE \u2013 LTE-Modem.<\/p>\n<\/div>\n<\/div>\n<\/div>\n<\/div>\n","protected":false},"excerpt":{"rendered":"<p>NebuloX V3.0 Desinfektionssystem Technische Daten der Ausr\u00fcstung Nebulizer: \u2022 270 mm x 300 mm x 330 mm.\u2022 \u2022 6,3 kg pulverbeschichtetes \u2022 Aluminiumgeh\u00e4use oder 11,4 kg \u2022 Edelstahlgeh\u00e4use langlebig, sto\u00dffest. Wagen mit Doppelst\u00fctze: \u2022 Gr\u00f6\u00dfe: 600 mm x 400 mm x 1000 mm.\u2022 Gewicht: 6,5 kg. Strombedarf \u2022 10 A bei 240 V 50 Hz.\u2022 [&hellip;]<\/p>\n","protected":false},"author":1,"featured_media":0,"parent":0,"menu_order":0,"comment_status":"closed","ping_status":"closed","template":"page-full.php","meta":{"footnotes":""},"class_list":["post-343","page","type-page","status-publish","hentry"],"_links":{"self":[{"href":"https:\/\/nebulox.ro\/de\/wp-json\/wp\/v2\/pages\/343","targetHints":{"allow":["GET"]}}],"collection":[{"href":"https:\/\/nebulox.ro\/de\/wp-json\/wp\/v2\/pages"}],"about":[{"href":"https:\/\/nebulox.ro\/de\/wp-json\/wp\/v2\/types\/page"}],"author":[{"embeddable":true,"href":"https:\/\/nebulox.ro\/de\/wp-json\/wp\/v2\/users\/1"}],"replies":[{"embeddable":true,"href":"https:\/\/nebulox.ro\/de\/wp-json\/wp\/v2\/comments?post=343"}],"version-history":[{"count":1,"href":"https:\/\/nebulox.ro\/de\/wp-json\/wp\/v2\/pages\/343\/revisions"}],"predecessor-version":[{"id":344,"href":"https:\/\/nebulox.ro\/de\/wp-json\/wp\/v2\/pages\/343\/revisions\/344"}],"wp:attachment":[{"href":"https:\/\/nebulox.ro\/de\/wp-json\/wp\/v2\/media?parent=343"}],"curies":[{"name":"wp","href":"https:\/\/api.w.org\/{rel}","templated":true}]}}